{"id":467,"date":"2021-10-08T14:27:07","date_gmt":"2021-10-08T14:27:07","guid":{"rendered":"https:\/\/hotel-as-lisboa.ms.decms.eu\/?page_id=467"},"modified":"2021-10-08T14:30:43","modified_gmt":"2021-10-08T14:30:43","slug":"politique-de-confidentialite","status":"publish","type":"page","link":"https:\/\/www.hotel-aslisboa.pt\/fr\/politique-de-confidentialite\/","title":{"rendered":"Politique de confidentialit\u00e9"},"content":{"rendered":"<p>Cette page d\u00e9crit comment ce site Web est administr\u00e9 en ce qui concerne le traitement des donn\u00e9es personnelles des utilisateurs. Ce sont les informations qui sont fournies en vertu de l&rsquo;art. 13 du r\u00e8glement UE 2016\/679, entr\u00e9 en vigueur le 25 mai 2018 &#8211; le r\u00e8glement g\u00e9n\u00e9ral sur la protection des donn\u00e9es (ci-apr\u00e8s d\u00e9nomm\u00e9 RGPD) et applicable \u00e0 ceux qui interagissent avec les services Web de l&rsquo;h\u00f4tel AS Lisboa accessibles par voie \u00e9lectronique \u00e0 l&rsquo;adresse depuis le Web :<br \/>\n<a href=\"https:\/\/www.hotel-aslisboa.pt\/\">https:\/\/www.hotel-aslisboa.pt\/<\/a><\/p>\n<p>Les informations fournies s&rsquo;appliquent uniquement au site www.hotel-aslisboa.pt. et non vers d&rsquo;autres sites consultables par l&rsquo;utilisateur via les liens du site d&rsquo;origine, et conforme \u00e0 la Recommandation n\u00b02\/2001 relative \u00e0 certaines exigences minimales pour la collecte de donn\u00e9es personnelles en ligne dans l&rsquo;Union europ\u00e9enne, adopt\u00e9e le 17 mai , 2001 par le groupe de travail Article 29 sur la protection des donn\u00e9es.<\/p>\n<p>CONTROLEUR DE DONN\u00c9ES<br \/>\nSelon l&rsquo;art. 4, article 7 du RGPD 2016\/679, le responsable du traitement est l&rsquo;h\u00f4tel A.S. Lisboa dont le si\u00e8ge est en: Avenida Almirante Reis, 188<br \/>\n1000-055 Lisboa Portugal<br \/>\ntel: +351 218429360<br \/>\nemail: <a href=\"mailto:info@hotel-aslisboa.pt\">info@hotel-aslisboa.pt<\/a><\/p>\n<p>RESPONSABLE DE LA PROTECTION DES DONN\u00c9ES<br \/>\nSelon l&rsquo;art. 37 du RGPD 2016\/679, Hotel A.S. Lisboa a officiellement nomm\u00e9 un d\u00e9l\u00e9gu\u00e9 \u00e0 la protection des donn\u00e9es (ci-apr\u00e8s d\u00e9nomm\u00e9 DPO), dont les coordonn\u00e9es sont Paulo Soares, e-mail : <a href=\"mailto:privacy@hotel-aslisboa.pt\">privacy@hotel-aslisboa.pt<\/a><br \/>\nLe DPO est disponible pour r\u00e9pondre \u00e0 toute demande d&rsquo;information des parties int\u00e9ress\u00e9es sur le traitement de leurs donn\u00e9es personnelles et l&rsquo;exercice de leurs droits.<\/p>\n<p>LIEU DE TRAITEMENT DES DONN\u00c9ES<br \/>\nLe traitement des donn\u00e9es effectu\u00e9 dans le cadre des services Web fournis par ce site Web a lieu au si\u00e8ge du propri\u00e9taire et du sous-traitant. Aucune donn\u00e9e obtenue \u00e0 partir de ce service web n&rsquo;est communiqu\u00e9e ou divulgu\u00e9e \u00e0 des tiers.<br \/>\nEn utilisant des cookies tiers, Google et d&rsquo;autres soci\u00e9t\u00e9s qui utilisent des cookies de profil tiers peuvent \u00e9galement traiter des donn\u00e9es personnelles en dehors de la communaut\u00e9 europ\u00e9enne. Pour plus d&rsquo;informations sur ce sujet, consultez la <a href=\"https:\/\/hotel-as-lisboa.ms.decms.eu\/fr\/politique-de-cookies\/\">politique relative aux cookies<\/a>.<br \/>\nLes donn\u00e9es personnelles soumises par les utilisateurs demandant du mat\u00e9riel d&rsquo;information ne sont utilis\u00e9es que pour fournir le ou les services demand\u00e9s, tandis que les donn\u00e9es personnelles de la personne concern\u00e9e acquises via certains formulaires sur le site Web peuvent \u00eatre transmises aux prestataires de services pour ex\u00e9cuter le contrat et fournir les services demand\u00e9s.<\/p>\n<p>TYPES DE DONN\u00c9ES TRAIT\u00c9ES<br \/>\nDonn\u00e9es de navigation<br \/>\nLes syst\u00e8mes informatiques et les proc\u00e9dures logicielles utilis\u00e9s pour g\u00e9rer ce site Web enregistrent certaines donn\u00e9es personnelles au cours de son fonctionnement normal, dont la transmission est implicite dans l&rsquo;utilisation des protocoles Internet. Ces donn\u00e9es ne sont pas collect\u00e9es pour identifier les personnes concern\u00e9es mais, de par leur nature m\u00eame, peuvent permettre l&rsquo;identification des utilisateurs lorsqu&rsquo;elles sont trait\u00e9es et utilis\u00e9es en conjonction avec des donn\u00e9es d\u00e9tenues par des tiers. Cette cat\u00e9gorie de donn\u00e9es comprend les adresses IP ou les noms de domaine des ordinateurs utilis\u00e9s par les utilisateurs se connectant au site, les adresses URI (Uniform Resource Identifier) \u200b\u200b\u200b\u200bdes ressources demand\u00e9es, l&rsquo;heure de la demande, la m\u00e9thode utilis\u00e9e pour envoyer la demande au serveur , la taille du fichier obtenu dans la r\u00e9ponse, le code num\u00e9rique qui indique l&rsquo;\u00e9tat de la r\u00e9ponse donn\u00e9e par le serveur (succ\u00e8s, erreur, etc.) et d&rsquo;autres param\u00e8tres li\u00e9s au syst\u00e8me d&rsquo;exploitation et \u00e0 l&rsquo;environnement informatique. Ces donn\u00e9es ne sont utilis\u00e9es que pour collecter des statistiques anonymes sur l&rsquo;utilisation du site Web et pour v\u00e9rifier que le site Web fonctionne correctement. Ils sont supprim\u00e9s imm\u00e9diatement apr\u00e8s le traitement. Les donn\u00e9es peuvent \u00eatre utilis\u00e9es pour identifier les responsables en cas d&rsquo;hypoth\u00e9tiques d\u00e9lits informatiques perp\u00e9tr\u00e9s contre le site Web. Dans tous les autres cas, les donn\u00e9es de contact Web ne sont actuellement pas conserv\u00e9es plus de trente jours.<br \/>\nDonn\u00e9es envoy\u00e9es volontairement par les utilisateurs<br \/>\nLes e-mails facultatifs, expr\u00e8s et volontaires envoy\u00e9s aux adresses indiqu\u00e9es sur ce site impliquent n\u00e9cessairement l&rsquo;acquisition de l&rsquo;adresse de l&rsquo;exp\u00e9diteur, n\u00e9cessaire pour r\u00e9pondre aux demandes, et de toutes autres donn\u00e9es personnelles incluses dans les messages. Un r\u00e9sum\u00e9 des informations sp\u00e9cifiques fournies sera mis \u00e0 disposition sur une base r\u00e9guli\u00e8re ou affich\u00e9 sur des pages Web pr\u00e9par\u00e9es pour des services sp\u00e9cifiques \u00e0 la demande.<br \/>\nCookies<br \/>\nL&rsquo;utilisation des cookies de session (qui ne sont pas stock\u00e9s de mani\u00e8re permanente sur l&rsquo;ordinateur de l&rsquo;utilisateur et sont supprim\u00e9s \u00e0 la fermeture du navigateur) est strictement limit\u00e9e \u00e0 la transmission d&rsquo;identifiants de session (constitu\u00e9s de nombres al\u00e9atoires g\u00e9n\u00e9r\u00e9s par le serveur) qui sont n\u00e9cessaires pour fournir \u00e0 l&rsquo;utilisateur avec une exp\u00e9rience de navigation s\u00fbre et efficace. L&rsquo;utilisation de cookies de session sur ce site \u00e9vite l&rsquo;utilisation d&rsquo;autres techniques informatiques, potentiellement pr\u00e9judiciables \u00e0 la confidentialit\u00e9 des donn\u00e9es de l&rsquo;utilisateur cr\u00e9\u00e9es lors de la navigation sur le site, et ne permet pas la collecte de donn\u00e9es personnelles permettant d&rsquo;identifier l&rsquo;utilisateur.<br \/>\nPour s\u00e9lectionner, modifier ou obtenir plus d&rsquo;informations sur les options disponibles sur l&rsquo;utilisation des cookies par Hotel A.S.Lisboa, cliquez sur <a href=\"https:\/\/hotel-as-lisboa.ms.decms.eu\/fr\/politique-de-cookies\/\">Cookies Policy<\/a>.<\/p>\n<p>M\u00c9THODES DE TRAITEMENT<br \/>\nLes donn\u00e9es personnelles sont trait\u00e9es par des outils automatis\u00e9s aussi longtemps que n\u00e9cessaire pour atteindre les finalit\u00e9s pour lesquelles elles ont \u00e9t\u00e9 collect\u00e9es. Des mesures de s\u00e9curit\u00e9 sp\u00e9cifiques sont prises pour emp\u00eacher la perte de donn\u00e9es, l&rsquo;utilisation illicite ou abusive des donn\u00e9es et l&rsquo;acc\u00e8s non autoris\u00e9.<\/p>\n<p>OBJET, BASE JURIDIQUE ET NATURE DE LA DISPOSITION (EXEMPLE)<br \/>\nLes donn\u00e9es personnelles que vous fournissez via le site Web seront trait\u00e9es par Hotel A.S. Lisboa aux fins suivantes :<br \/>\na) des finalit\u00e9s li\u00e9es \u00e0 l&rsquo;ex\u00e9cution d&rsquo;un contrat auquel la personne concern\u00e9e est partie, ou \u00e0 l&rsquo;ex\u00e9cution de mesures pr\u00e9contractuelles prises \u00e0 sa demande (par exemple pour les demandes effectu\u00e9es via le formulaire de contact, les demandes de r\u00e9servation, la participation \u00e0 des offres sp\u00e9ciales, etc.). Le consentement n&rsquo;est pas requis. La base l\u00e9gale est l&rsquo;article 6, paragraphe 1-B, le traitement \u00e9tant n\u00e9cessaire \u00e0 l&rsquo;ex\u00e9cution d&rsquo;un contrat auquel la personne concern\u00e9e est partie ou \u00e0 la r\u00e9alisation d&rsquo;enqu\u00eates \u00e0 la demande de la personne concern\u00e9e avant la conclusion d&rsquo;un contrat.<br \/>\nb) \u00e0 des fins li\u00e9es au mat\u00e9riel promotionnel et commercial envoy\u00e9 par courrier \u00e9lectronique suite \u00e0 une inscription volontaire \u00e0 la newsletter de l&rsquo;h\u00f4tel. Cela n\u00e9cessite le consentement explicite de la personne concern\u00e9e ou l&rsquo;utilisation de \u00ab\u00a0soft spam\u00a0\u00bb (marketing direct par e-mail). La base l\u00e9gale est l&rsquo;article 6, paragraphe 1b, du GDPR 2016\/679, qui requiert le consentement de l&rsquo;int\u00e9ress\u00e9, ou la signature de la newsletter, conform\u00e9ment \u00e0 l&rsquo;article 6, paragraphe 1f, du GDPR 2016\/679, avec un int\u00e9r\u00eat l\u00e9gitime d&rsquo;une partie du responsable du traitement.<br \/>\nc) \u00e0 des fins de profilage via des cookies tiers. Le consentement est requis comme stipul\u00e9 dans la politique relative aux cookies.<br \/>\nd) pour la recherche statistique et l&rsquo;analyse de donn\u00e9es agr\u00e9g\u00e9es anonymes afin d&rsquo;\u00e9valuer la fonctionnalit\u00e9 du site Web, le volume de trafic, la convivialit\u00e9 du site Web et le rendre plus convivial et utile. Le consentement n&rsquo;est pas requis car cela n&rsquo;implique pas le traitement de donn\u00e9es personnelles.<br \/>\ne) des fins li\u00e9es au respect des lois et r\u00e8glements. Le consentement n&rsquo;est pas requis. La base l\u00e9gale est l&rsquo;article 6, paragraphe 1c, du RGPD 2016\/679.<br \/>\nf) \u00c9tablir, exercer ou d\u00e9fendre un droit devant les tribunaux ou chaque fois que les tribunaux exercent des fonctions judiciaires. Le consentement n&rsquo;est pas requis. La base l\u00e9gale est l&rsquo;article 6, paragraphe 1, f du RGPD 2016\/679, lorsque le traitement est n\u00e9cessaire aux int\u00e9r\u00eats l\u00e9gitimes du responsable du traitement.<br \/>\ng) en se conformant \u00e0 une obligation l\u00e9gale ou r\u00e9glementaire \u00e0 laquelle le responsable du traitement est soumis. Le consentement n&rsquo;est pas requis. La base l\u00e9gale est l&rsquo;article 6, paragraphe 1f, du RGPD 2016\/679, lorsque le traitement est n\u00e9cessaire pour remplir une obligation l\u00e9gale \u00e0 laquelle le responsable du traitement est soumis.<\/p>\n<p>TRANSFERT DE DONN\u00c9ES PERSONNELLES VERS DES PAYS HORS UE OU DES ORGANISATIONS INTERNATIONALES<br \/>\nCertaines des donn\u00e9es personnelles obtenues de la partie int\u00e9ress\u00e9e sont transf\u00e9r\u00e9es \u00e0 des destinataires situ\u00e9s en dehors de la Communaut\u00e9 europ\u00e9enne. Hotel A.S. Lisboa garantit que le traitement \u00e9lectronique et papier de vos donn\u00e9es personnelles par les destinataires est effectu\u00e9 conform\u00e9ment \u00e0 la l\u00e9gislation applicable, qui a un statut juridique en dehors de l&rsquo;UE.<br \/>\nDans le cas contraire, les transferts de donn\u00e9es sont soumis \u00e0 une d\u00e9cision d&rsquo;ad\u00e9quation ou au respect des clauses contractuelles types approuv\u00e9es par la Commission europ\u00e9enne ou, dans le cas de transferts vers les \u00c9tats-Unis, au respect de la politique Privacy Shield.<\/p>\n<p>PORT\u00c9E DE LA TRANSMISSION DES DONN\u00c9ES PERSONNELLES<br \/>\nLes donn\u00e9es personnelles acquises via le site Internet en question peuvent \u00eatre divulgu\u00e9es \u00e0 :<br \/>\n\u2022 l&rsquo;agence web D-Edge S.A.S. s\u00e9lectionn\u00e9e pour administrer le site et fournir un support technique.<br \/>\n\u2022 les organismes et organisations publics en raison d&rsquo;obligations l\u00e9gales et\/ou contractuelles.<br \/>\n\u2022 Soci\u00e9t\u00e9s tierces h\u00e9bergeant le site Web.<br \/>\nLe responsable du traitement peut \u00eatre invit\u00e9 \u00e0 fournir une liste mise \u00e0 jour des gestionnaires externes d\u00e9sign\u00e9s, conform\u00e9ment \u00e0 l&rsquo;art. 28 du RGPD 2016\/679.<\/p>\n<p>LA CONSERVATION DES DONN\u00c9ES<br \/>\nL&rsquo;h\u00f4tel ASLisboa traitera les donn\u00e9es personnelles de l&rsquo;utilisateur uniquement pendant le temps strictement n\u00e9cessaire pour atteindre les objectifs \u00e9nonc\u00e9s dans ce document et jusqu&rsquo;au d\u00e9lai autoris\u00e9 par la loi italienne, pour sauvegarder les int\u00e9r\u00eats des utilisateurs (loi n\u00b0 58\/2019 du 8 ao\u00fbt , Loi d&rsquo;application du R\u00e8glement (UE) 2016\/679 au Portugal).<br \/>\nL&rsquo;utilisateur continue de s&rsquo;abonner \u00e0 la newsletter de la soci\u00e9t\u00e9 jusqu&rsquo;\u00e0 l&rsquo;exercice de son droit de r\u00e9tractation, qui peut se faire simplement en cliquant sur un lien pr\u00e9sent dans chaque email envoy\u00e9.<\/p>\n<p>TRAITEMENT AUTOMATIS\u00c9<br \/>\nL&rsquo;h\u00f4tel A.S. Lisboa n&rsquo;envoie pas d&rsquo;e-mails de profil, mais utilise des cookies de profil. Pour plus de d\u00e9tails sur les cookies de profil utilis\u00e9s et leur interaction avec les r\u00e9seaux sociaux, consultez la <a href=\"https:\/\/hotel-as-lisboa.ms.decms.eu\/fr\/politique-de-cookies\/\">politique relative aux cookies<\/a>.<\/p>\n<p>SYST\u00c8ME DE R\u00c9SERVATION DE S\u00c9CURIT\u00c9<br \/>\nFastBooking utilise les informations de carte de cr\u00e9dit fournies au moment de la r\u00e9servation conform\u00e9ment au protocole de s\u00e9curit\u00e9 PCI DSS (Payment Card Industry Data Security Standard). Toutes les informations envoy\u00e9es \u00e0 ce site Web lors d&rsquo;une session SSL sont crypt\u00e9es et prot\u00e9g\u00e9es contre la divulgation \u00e0 des tiers.<\/p>\n<p>DROITS RELATIVES AUX DONN\u00c9ES<br \/>\nL&rsquo;utilisateur peut exercer librement les droits pr\u00e9vus aux articles 15 et suivants. du RGPD 2016\/679 ou :<br \/>\n\u2022 retirer votre consentement \u00e0 tout moment. Les utilisateurs peuvent r\u00e9voquer leur consentement au traitement de leurs donn\u00e9es personnelles comme d\u00e9crit ci-dessus.<br \/>\n\u2022 le droit de vous opposer au traitement de vos donn\u00e9es. Les utilisateurs peuvent s&rsquo;opposer au traitement de leurs donn\u00e9es lorsque celui-ci est effectu\u00e9 sur une base l\u00e9gale autre que le consentement.<br \/>\n\u2022 le droit d&rsquo;acc\u00e9der \u00e0 vos donn\u00e9es. Les utilisateurs ont le droit d&rsquo;obtenir des informations sur les donn\u00e9es trait\u00e9es par le contr\u00f4leur et sur des aspects particuliers de la m\u00e9thodologie de traitement, et d&rsquo;obtenir une copie de toutes les donn\u00e9es trait\u00e9es.<br \/>\n\u2022 le droit de rectifier des donn\u00e9es personnelles inexactes. Les utilisateurs peuvent v\u00e9rifier que leurs donn\u00e9es sont correctes et demander qu&rsquo;elles soient mises \u00e0 jour ou corrig\u00e9es si n\u00e9cessaire.<br \/>\n\u2022 le droit de restreindre le traitement. Dans certaines circonstances, les utilisateurs peuvent demander la d\u00e9finition de restrictions sur le traitement de leurs donn\u00e9es. Dans ce cas, le responsable du traitement ne peut traiter les donn\u00e9es \u00e0 d&rsquo;autres fins que le stockage.<br \/>\n\u2022 le droit de faire supprimer ou effacer vos donn\u00e9es personnelles. Dans certaines circonstances, les utilisateurs peuvent demander au responsable du traitement d&rsquo;effacer leurs donn\u00e9es.<br \/>\n\u2022 le droit de recevoir des donn\u00e9es personnelles vous concernant ou transf\u00e9r\u00e9es \u00e0 un autre responsable de traitement. Les utilisateurs ont le droit de recevoir leurs donn\u00e9es dans un format structur\u00e9, couramment utilis\u00e9 et lisible par machine, lorsque cela est techniquement possible, et de les transf\u00e9rer sans entrave \u00e0 un autre responsable du traitement. Cette disposition est applicable lorsque les donn\u00e9es sont trait\u00e9es automatiquement et que le traitement est bas\u00e9 sur le consentement de l&rsquo;utilisateur, ou un contrat auquel l&rsquo;utilisateur est partie, ou des dispositions contractuelles s&rsquo;y rapportant.<br \/>\n\u2022 le droit de porter plainte. Les utilisateurs peuvent d\u00e9poser une plainte aupr\u00e8s de l&rsquo;autorit\u00e9 de contr\u00f4le comp\u00e9tente charg\u00e9e de la protection des donn\u00e9es personnelles ou engager une action en justice.<\/p>\n<p>Comment exercer vos droits<br \/>\nL&rsquo;h\u00f4tel A.S. Lisboa dispose d&rsquo;un processus d&rsquo;organisation pour faciliter l&rsquo;exercice des droits des parties int\u00e9ress\u00e9es. Contactez simplement la direction de l&rsquo;entreprise \u00e0 l&rsquo;adresse suivante : <a href=\"mailto:privacy@hotel-aslisboa.pt\">privacy@hotel-aslisboa.pt<\/a><\/p>\n<p>MISES \u00c0 JOUR ET R\u00c9VISIONS<br \/>\nLa politique de confidentialit\u00e9 a \u00e9t\u00e9 mise \u00e0 jour vers la r\u00e9vision 1 le 23\/09\/2021 et peut faire l&rsquo;objet de r\u00e9visions futures.<\/p>\n","protected":false},"excerpt":{"rendered":"<p>Cette page d\u00e9crit comment ce site Web est administr\u00e9 en ce qui concerne le traitement des donn\u00e9es personnelles des utilisateurs. Ce sont les informations qui sont fournies en vertu de l&rsquo;art. 13 du r\u00e8glement UE 2016\/679, entr\u00e9 en vigueur le 25 mai 2018 &#8211; le r\u00e8glement g\u00e9n\u00e9ral sur la protection des donn\u00e9es (ci-apr\u00e8s d\u00e9nomm\u00e9 RGPD) [&hellip;]<\/p>\n","protected":false},"author":36,"featured_media":0,"parent":0,"menu_order":999,"comment_status":"closed","ping_status":"closed","template":"","meta":{"footnotes":""},"class_list":["post-467","page","type-page","status-publish","hentry"],"yoast_head":"<!-- This site is optimized with the Yoast SEO plugin v26.9 - https:\/\/yoast.com\/product\/yoast-seo-wordpress\/ -->\n<title>Politique de confidentialit\u00e9 - Hotel A.S. Lisboa -<\/title>\n<meta name=\"description\" content=\"Cette page d\u00e9crit comment ce site Web est administr\u00e9 en ce qui concerne le traitement des donn\u00e9es personnelles des utilisateurs. Ce sont les informations qui sont fournies en vertu de l&#039;art\" \/>\n<meta name=\"robots\" content=\"index, follow, max-snippet:-1, max-image-preview:large, max-video-preview:-1\" \/>\n<link rel=\"canonical\" href=\"https:\/\/www.hotel-aslisboa.pt\/fr\/politique-de-confidentialite\/\" \/>\n<meta property=\"og:locale\" content=\"fr_FR\" \/>\n<meta property=\"og:type\" content=\"article\" \/>\n<meta property=\"og:title\" content=\"Politique de confidentialit\u00e9 - Hotel A.S. Lisboa -\" \/>\n<meta property=\"og:description\" content=\"Cette page d\u00e9crit comment ce site Web est administr\u00e9 en ce qui concerne le traitement des donn\u00e9es personnelles des utilisateurs. Ce sont les informations qui sont fournies en vertu de l&#039;art\" \/>\n<meta property=\"og:url\" content=\"https:\/\/www.hotel-aslisboa.pt\/fr\/politique-de-confidentialite\/\" \/>\n<meta property=\"og:site_name\" content=\"Hotel A.S. Lisboa\" \/>\n<meta property=\"article:modified_time\" content=\"2021-10-08T14:30:43+00:00\" \/>\n<meta property=\"og:image\" content=\"https:\/\/www.hotel-aslisboa.pt\/wp-content\/uploads\/sites\/349\/2021\/09\/IMG_0476-HDR.jpg\" \/>\n\t<meta property=\"og:image:width\" content=\"1200\" \/>\n\t<meta property=\"og:image:height\" content=\"800\" \/>\n\t<meta property=\"og:image:type\" content=\"image\/jpeg\" \/>\n<meta name=\"twitter:card\" content=\"summary_large_image\" \/>\n<meta name=\"twitter:label1\" content=\"Dur\u00e9e de lecture estim\u00e9e\" \/>\n\t<meta name=\"twitter:data1\" content=\"9 minutes\" \/>\n<script type=\"application\/ld+json\" class=\"yoast-schema-graph\">{\"@context\":\"https:\/\/schema.org\",\"@graph\":[{\"@type\":\"WebPage\",\"@id\":\"https:\/\/www.hotel-aslisboa.pt\/fr\/politique-de-confidentialite\/\",\"url\":\"https:\/\/www.hotel-aslisboa.pt\/fr\/politique-de-confidentialite\/\",\"name\":\"Politique de confidentialit\u00e9 - Hotel A.S. Lisboa -\",\"isPartOf\":{\"@id\":\"https:\/\/www.hotel-aslisboa.pt\/fr\/#website\"},\"datePublished\":\"2021-10-08T14:27:07+00:00\",\"dateModified\":\"2021-10-08T14:30:43+00:00\",\"description\":\"Cette page d\u00e9crit comment ce site Web est administr\u00e9 en ce qui concerne le traitement des donn\u00e9es personnelles des utilisateurs. Ce sont les informations qui sont fournies en vertu de l'art\",\"breadcrumb\":{\"@id\":\"https:\/\/www.hotel-aslisboa.pt\/fr\/politique-de-confidentialite\/#breadcrumb\"},\"inLanguage\":\"fr-FR\",\"potentialAction\":[{\"@type\":\"ReadAction\",\"target\":[\"https:\/\/www.hotel-aslisboa.pt\/fr\/politique-de-confidentialite\/\"]}]},{\"@type\":\"BreadcrumbList\",\"@id\":\"https:\/\/www.hotel-aslisboa.pt\/fr\/politique-de-confidentialite\/#breadcrumb\",\"itemListElement\":[{\"@type\":\"ListItem\",\"position\":1,\"name\":\"Home\",\"item\":\"https:\/\/www.hotel-aslisboa.pt\/fr\/\"},{\"@type\":\"ListItem\",\"position\":2,\"name\":\"Politique de confidentialit\u00e9\"}]},{\"@type\":\"WebSite\",\"@id\":\"https:\/\/www.hotel-aslisboa.pt\/fr\/#website\",\"url\":\"https:\/\/www.hotel-aslisboa.pt\/fr\/\",\"name\":\"Hotel A.S. Lisboa\",\"description\":\"Just another ms.decms.eu site\",\"potentialAction\":[{\"@type\":\"SearchAction\",\"target\":{\"@type\":\"EntryPoint\",\"urlTemplate\":\"https:\/\/www.hotel-aslisboa.pt\/fr\/?s={search_term_string}\"},\"query-input\":{\"@type\":\"PropertyValueSpecification\",\"valueRequired\":true,\"valueName\":\"search_term_string\"}}],\"inLanguage\":\"fr-FR\"}]}<\/script>\n<!-- \/ Yoast SEO plugin. -->","yoast_head_json":{"title":"Politique de confidentialit\u00e9 - Hotel A.S. Lisboa -","description":"Cette page d\u00e9crit comment ce site Web est administr\u00e9 en ce qui concerne le traitement des donn\u00e9es personnelles des utilisateurs. Ce sont les informations qui sont fournies en vertu de l'art","robots":{"index":"index","follow":"follow","max-snippet":"max-snippet:-1","max-image-preview":"max-image-preview:large","max-video-preview":"max-video-preview:-1"},"canonical":"https:\/\/www.hotel-aslisboa.pt\/fr\/politique-de-confidentialite\/","og_locale":"fr_FR","og_type":"article","og_title":"Politique de confidentialit\u00e9 - Hotel A.S. Lisboa -","og_description":"Cette page d\u00e9crit comment ce site Web est administr\u00e9 en ce qui concerne le traitement des donn\u00e9es personnelles des utilisateurs. Ce sont les informations qui sont fournies en vertu de l'art","og_url":"https:\/\/www.hotel-aslisboa.pt\/fr\/politique-de-confidentialite\/","og_site_name":"Hotel A.S. Lisboa","article_modified_time":"2021-10-08T14:30:43+00:00","og_image":[{"width":1200,"height":800,"url":"https:\/\/www.hotel-aslisboa.pt\/wp-content\/uploads\/sites\/349\/2021\/09\/IMG_0476-HDR.jpg","type":"image\/jpeg"}],"twitter_card":"summary_large_image","twitter_misc":{"Dur\u00e9e de lecture estim\u00e9e":"9 minutes"},"schema":{"@context":"https:\/\/schema.org","@graph":[{"@type":"WebPage","@id":"https:\/\/www.hotel-aslisboa.pt\/fr\/politique-de-confidentialite\/","url":"https:\/\/www.hotel-aslisboa.pt\/fr\/politique-de-confidentialite\/","name":"Politique de confidentialit\u00e9 - Hotel A.S. Lisboa -","isPartOf":{"@id":"https:\/\/www.hotel-aslisboa.pt\/fr\/#website"},"datePublished":"2021-10-08T14:27:07+00:00","dateModified":"2021-10-08T14:30:43+00:00","description":"Cette page d\u00e9crit comment ce site Web est administr\u00e9 en ce qui concerne le traitement des donn\u00e9es personnelles des utilisateurs. Ce sont les informations qui sont fournies en vertu de l'art","breadcrumb":{"@id":"https:\/\/www.hotel-aslisboa.pt\/fr\/politique-de-confidentialite\/#breadcrumb"},"inLanguage":"fr-FR","potentialAction":[{"@type":"ReadAction","target":["https:\/\/www.hotel-aslisboa.pt\/fr\/politique-de-confidentialite\/"]}]},{"@type":"BreadcrumbList","@id":"https:\/\/www.hotel-aslisboa.pt\/fr\/politique-de-confidentialite\/#breadcrumb","itemListElement":[{"@type":"ListItem","position":1,"name":"Home","item":"https:\/\/www.hotel-aslisboa.pt\/fr\/"},{"@type":"ListItem","position":2,"name":"Politique de confidentialit\u00e9"}]},{"@type":"WebSite","@id":"https:\/\/www.hotel-aslisboa.pt\/fr\/#website","url":"https:\/\/www.hotel-aslisboa.pt\/fr\/","name":"Hotel A.S. Lisboa","description":"Just another ms.decms.eu site","potentialAction":[{"@type":"SearchAction","target":{"@type":"EntryPoint","urlTemplate":"https:\/\/www.hotel-aslisboa.pt\/fr\/?s={search_term_string}"},"query-input":{"@type":"PropertyValueSpecification","valueRequired":true,"valueName":"search_term_string"}}],"inLanguage":"fr-FR"}]}},"acf":[],"_links":{"self":[{"href":"https:\/\/www.hotel-aslisboa.pt\/fr\/wp-json\/wp\/v2\/pages\/467","targetHints":{"allow":["GET"]}}],"collection":[{"href":"https:\/\/www.hotel-aslisboa.pt\/fr\/wp-json\/wp\/v2\/pages"}],"about":[{"href":"https:\/\/www.hotel-aslisboa.pt\/fr\/wp-json\/wp\/v2\/types\/page"}],"author":[{"embeddable":true,"href":"https:\/\/www.hotel-aslisboa.pt\/fr\/wp-json\/wp\/v2\/users\/36"}],"replies":[{"embeddable":true,"href":"https:\/\/www.hotel-aslisboa.pt\/fr\/wp-json\/wp\/v2\/comments?post=467"}],"version-history":[{"count":0,"href":"https:\/\/www.hotel-aslisboa.pt\/fr\/wp-json\/wp\/v2\/pages\/467\/revisions"}],"wp:attachment":[{"href":"https:\/\/www.hotel-aslisboa.pt\/fr\/wp-json\/wp\/v2\/media?parent=467"}],"curies":[{"name":"wp","href":"https:\/\/api.w.org\/{rel}","templated":true}]}}