{"id":454,"date":"2021-10-07T14:53:10","date_gmt":"2021-10-07T14:53:10","guid":{"rendered":"https:\/\/hotel-as-lisboa.ms.decms.eu\/?page_id=454"},"modified":"2021-10-07T14:56:53","modified_gmt":"2021-10-07T14:56:53","slug":"contact","status":"publish","type":"page","link":"https:\/\/www.hotel-aslisboa.pt\/fr\/contact\/","title":{"rendered":"Contact"},"content":{"rendered":"\n                <div class='gf_browser_gecko gform_wrapper' id='gform_wrapper_6' ><div id='gf_6' class='gform_anchor' tabindex='-1'><\/div><form method='post' enctype='multipart\/form-data' target='gform_ajax_frame_6' id='gform_6'  action='\/fr\/wp-json\/wp\/v2\/pages\/454#gf_6'>\n                        <div class='gform_heading'>\n                            <span class='gform_description'><\/span>\n                        <\/div>\n                        <div class='gform_body'><ul id='gform_fields_6' class='gform_fields top_label form_sublabel_below description_below'><li id='field_6_31'  class='gfield small gfield_contains_required field_sublabel_below field_description_below gfield_visibility_visible' ><label class='gfield_label' for='input_6_31' >Pr\u00e9nom<span class='gfield_required'>*<\/span><\/label><div class='ginput_container ginput_container_text'><input name='input_31' id='input_6_31' type='text' value='' class='small'    placeholder='ins\u00e9rez votre nom' aria-required=\"true\" aria-invalid=\"false\" \/><\/div><\/li><li id='field_6_32'  class='gfield small gfield_contains_required field_sublabel_below field_description_below gfield_visibility_visible' ><label class='gfield_label' for='input_6_32' >Nom<span class='gfield_required'>*<\/span><\/label><div class='ginput_container ginput_container_text'><input name='input_32' id='input_6_32' type='text' value='' class='small'    placeholder='ins\u00e9rez votre nom' aria-required=\"true\" aria-invalid=\"false\" \/><\/div><\/li><li id='field_6_2'  class='gfield gfield_contains_required field_sublabel_below field_description_below gfield_visibility_visible' ><label class='gfield_label' for='input_6_2' >Email<span class='gfield_required'>*<\/span><\/label><div class='ginput_container ginput_container_email'>\n                            <input name='input_2' id='input_6_2' type='text' value='' class='small'   placeholder='ins\u00e9rez votre adresse \u00e9lectronique' aria-required=\"true\" aria-invalid=\"false\" \/>\n                        <\/div><\/li><li id='field_6_34'  class='gfield field_sublabel_below field_description_below gfield_visibility_visible' ><label class='gfield_label' for='input_6_34' >Message<\/label><div class='ginput_container ginput_container_textarea'><textarea name='input_34' id='input_6_34' class='textarea medium'      aria-invalid=\"false\"   rows='10' cols='50'><\/textarea><\/div><\/li><li id='field_6_7'  class='gfield medium gfield_contains_required field_sublabel_below field_description_below gfield_visibility_visible' ><label class='gfield_label'  >Pol\u00edtica de Privacidade<span class='gfield_required'>*<\/span><\/label><div class='ginput_container ginput_container_checkbox'><ul class='gfield_checkbox' id='input_6_7'><li class='gchoice_6_7_1'>\n\t\t\t\t\t\t\t\t<input name='input_7.1' type='checkbox'  value='**Conform\u00e9ment \u00e0 l&#039;art. 13 du r\u00e8glement (UE) n\u00b0 679\/2016 GDPR, j&#039;ai pris connaissance de la &lt;a href=&quot;https:\/\/hotel-as-lisboa.ms.decms.eu\/en\/privacy-policy\/&quot; target=&quot;_blank&quot;&gt;Politique de confidentialit\u00e9&lt;\/a&gt;'  id='choice_6_7_1'   \/>\n\t\t\t\t\t\t\t\t<label for='choice_6_7_1' id='label_6_7_1'>**Conform\u00e9ment \u00e0 l'art. 13 du r\u00e8glement (UE) n\u00b0 679\/2016 GDPR, j'ai pris connaissance de la <a href=\"https:\/\/hotel-as-lisboa.ms.decms.eu\/en\/privacy-policy\/\" target=\"_blank\">Politique de confidentialit\u00e9<\/a><\/label>\n\t\t\t\t\t\t\t<\/li><\/ul><\/div><\/li><li id='field_6_33'  class='gfield gfield_html gfield_html_formatted gfield_no_follows_desc field_sublabel_below field_description_below gfield_visibility_visible' >* champs obligatoires<\/li><li id='field_6_30'  class='gfield field_sublabel_below field_description_below gfield_visibility_visible' ><label class='gfield_label' for='input_6_30' >CAPTCHA<\/label><div id='input_6_30' class='ginput_container ginput_recaptcha' data-sitekey='6LdAakIdAAAAAOOUpnrh_lK7J8Pis_GaCOXzZcoU'  data-theme='light' data-tabindex='0'  data-badge=''><\/div><\/li><li id='field_6_35'  class='gfield gform_validation_container field_sublabel_below field_description_below gfield_visibility_visible' ><label class='gfield_label' for='input_6_35' >Phone<\/label><div class='ginput_container'><input name='input_35' id='input_6_35' type='text' value='' \/><\/div><div class='gfield_description' id='gfield_description_6_35'>Ce champ n\u2019est utilis\u00e9 qu\u2019\u00e0 des fins de validation et devrait rester inchang\u00e9.<\/div><\/li>\n                            <\/ul><\/div>\n        <div class='gform_footer top_label'> <input type='submit' id='gform_submit_button_6' class='gform_button button' value='Envoyer'  onclick='if(window[\"gf_submitting_6\"]){return false;}  window[\"gf_submitting_6\"]=true;  ' onkeypress='if( event.keyCode == 13 ){ if(window[\"gf_submitting_6\"]){return false;} window[\"gf_submitting_6\"]=true;  jQuery(\"#gform_6\").trigger(\"submit\",[true]); }' \/> <input type='hidden' name='gform_ajax' value='form_id=6&amp;title=&amp;description=1&amp;tabindex=0' \/>\n            <input type='hidden' class='gform_hidden' name='is_submit_6' value='1' \/>\n            <input type='hidden' class='gform_hidden' name='gform_submit' value='6' \/>\n            \n            <input type='hidden' class='gform_hidden' name='gform_unique_id' value='' \/>\n            <input type='hidden' class='gform_hidden' name='state_6' value='WyJbXSIsIjMzYmYyMWNkYTJhNzA4YTM1YzdlNzFmY2RiNzcyYTQwIl0=' \/>\n            <input type='hidden' class='gform_hidden' name='gform_target_page_number_6' id='gform_target_page_number_6' value='0' \/>\n            <input type='hidden' class='gform_hidden' name='gform_source_page_number_6' id='gform_source_page_number_6' value='1' \/>\n            <input type='hidden' name='gform_field_values' value='' \/>\n            \n        <\/div>\n                        <\/form>\n                        <\/div>\n                <iframe style='display:none;width:0px;height:0px;' src='about:blank' name='gform_ajax_frame_6' id='gform_ajax_frame_6' title='Cette iframe contient la logique n\u00e9cessaire pour manipuler Gravity Forms avec Ajax.'><\/iframe>\n                <script type='text\/javascript'>jQuery(document).ready(function($){gformInitSpinner( 6, 'data:image\/gif;base64,R0lGODlhAQABAIAAAAAAAP\/\/\/yH5BAEAAAAALAAAAAABAAEAAAIBRAA7' );jQuery('#gform_ajax_frame_6').on('load',function(){var contents = jQuery(this).contents().find('*').html();var is_postback = contents.indexOf('GF_AJAX_POSTBACK') >= 0;if(!is_postback){return;}var form_content = jQuery(this).contents().find('#gform_wrapper_6');var is_confirmation = jQuery(this).contents().find('#gform_confirmation_wrapper_6').length > 0;var is_redirect = contents.indexOf('gformRedirect(){') >= 0;var is_form = form_content.length > 0 && ! is_redirect && ! is_confirmation;var mt = parseInt(jQuery('html').css('margin-top'), 10) + parseInt(jQuery('body').css('margin-top'), 10) + 100;if(is_form){jQuery('#gform_wrapper_6').html(form_content.html());if(form_content.hasClass('gform_validation_error')){jQuery('#gform_wrapper_6').addClass('gform_validation_error');} else {jQuery('#gform_wrapper_6').removeClass('gform_validation_error');}setTimeout( function() { \/* delay the scroll by 50 milliseconds to fix a bug in chrome *\/ jQuery(document).scrollTop(jQuery('#gform_wrapper_6').offset().top - mt); }, 50 );if(window['gformInitDatepicker']) {gformInitDatepicker();}if(window['gformInitPriceFields']) {gformInitPriceFields();}var current_page = jQuery('#gform_source_page_number_6').val();gformInitSpinner( 6, 'data:image\/gif;base64,R0lGODlhAQABAIAAAAAAAP\/\/\/yH5BAEAAAAALAAAAAABAAEAAAIBRAA7' );jQuery(document).trigger('gform_page_loaded', [6, current_page]);window['gf_submitting_6'] = false;}else if(!is_redirect){var confirmation_content = jQuery(this).contents().find('.GF_AJAX_POSTBACK').html();if(!confirmation_content){confirmation_content = contents;}setTimeout(function(){jQuery('#gform_wrapper_6').replaceWith(confirmation_content);jQuery(document).scrollTop(jQuery('#gf_6').offset().top - mt);jQuery(document).trigger('gform_confirmation_loaded', [6]);window['gf_submitting_6'] = false;}, 50);}else{jQuery('#gform_6').append(contents);if(window['gformRedirect']) {gformRedirect();}}jQuery(document).trigger('gform_post_render', [6, current_page]);} );} );<\/script><script type='text\/javascript'> jQuery(document).bind('gform_post_render', function(event, formId, currentPage){if(formId == 6) {if(typeof Placeholders != 'undefined'){\n                        Placeholders.enable();\n                    }} } );jQuery(document).bind('gform_post_conditional_logic', function(event, formId, fields, isInit){} );<\/script><script type='text\/javascript'> jQuery(document).ready(function(){jQuery(document).trigger('gform_post_render', [6, 1]) } ); <\/script>\n","protected":false},"excerpt":{"rendered":"","protected":false},"author":36,"featured_media":0,"parent":0,"menu_order":80,"comment_status":"closed","ping_status":"closed","template":"template-contacts.php","meta":{"footnotes":""},"class_list":["post-454","page","type-page","status-publish","hentry"],"yoast_head":"<!-- This site is optimized with the Yoast SEO plugin v26.9 - https:\/\/yoast.com\/product\/yoast-seo-wordpress\/ -->\n<title>Contact - Hotel A.S. Lisboa -<\/title>\n<meta name=\"description\" content=\"[gravityform id=&quot;6&quot; title=&quot;false&quot; description=&quot;true&quot; ajax=&quot;true&quot;].\" \/>\n<meta name=\"robots\" content=\"index, follow, max-snippet:-1, max-image-preview:large, max-video-preview:-1\" \/>\n<link rel=\"canonical\" href=\"https:\/\/www.hotel-aslisboa.pt\/fr\/contact\/\" \/>\n<meta property=\"og:locale\" content=\"fr_FR\" \/>\n<meta property=\"og:type\" content=\"article\" \/>\n<meta property=\"og:title\" content=\"Contact - Hotel A.S. Lisboa -\" \/>\n<meta property=\"og:description\" content=\"[gravityform id=&quot;6&quot; title=&quot;false&quot; description=&quot;true&quot; ajax=&quot;true&quot;].\" \/>\n<meta property=\"og:url\" content=\"https:\/\/www.hotel-aslisboa.pt\/fr\/contact\/\" \/>\n<meta property=\"og:site_name\" content=\"Hotel A.S. Lisboa\" \/>\n<meta property=\"article:modified_time\" content=\"2021-10-07T14:56:53+00:00\" \/>\n<meta property=\"og:image\" content=\"https:\/\/www.hotel-aslisboa.pt\/wp-content\/uploads\/sites\/349\/2021\/09\/IMG_0476-HDR.jpg\" \/>\n\t<meta property=\"og:image:width\" content=\"1200\" \/>\n\t<meta property=\"og:image:height\" content=\"800\" \/>\n\t<meta property=\"og:image:type\" content=\"image\/jpeg\" \/>\n<meta name=\"twitter:card\" content=\"summary_large_image\" \/>\n<script type=\"application\/ld+json\" class=\"yoast-schema-graph\">{\"@context\":\"https:\/\/schema.org\",\"@graph\":[{\"@type\":\"WebPage\",\"@id\":\"https:\/\/www.hotel-aslisboa.pt\/fr\/contact\/\",\"url\":\"https:\/\/www.hotel-aslisboa.pt\/fr\/contact\/\",\"name\":\"Contact - Hotel A.S. Lisboa -\",\"isPartOf\":{\"@id\":\"https:\/\/www.hotel-aslisboa.pt\/fr\/#website\"},\"datePublished\":\"2021-10-07T14:53:10+00:00\",\"dateModified\":\"2021-10-07T14:56:53+00:00\",\"description\":\"[gravityform id=\\\"6\\\" title=\\\"false\\\" description=\\\"true\\\" ajax=\\\"true\\\"].\",\"breadcrumb\":{\"@id\":\"https:\/\/www.hotel-aslisboa.pt\/fr\/contact\/#breadcrumb\"},\"inLanguage\":\"fr-FR\",\"potentialAction\":[{\"@type\":\"ReadAction\",\"target\":[\"https:\/\/www.hotel-aslisboa.pt\/fr\/contact\/\"]}]},{\"@type\":\"BreadcrumbList\",\"@id\":\"https:\/\/www.hotel-aslisboa.pt\/fr\/contact\/#breadcrumb\",\"itemListElement\":[{\"@type\":\"ListItem\",\"position\":1,\"name\":\"Home\",\"item\":\"https:\/\/www.hotel-aslisboa.pt\/fr\/\"},{\"@type\":\"ListItem\",\"position\":2,\"name\":\"Contact\"}]},{\"@type\":\"WebSite\",\"@id\":\"https:\/\/www.hotel-aslisboa.pt\/fr\/#website\",\"url\":\"https:\/\/www.hotel-aslisboa.pt\/fr\/\",\"name\":\"Hotel A.S. Lisboa\",\"description\":\"Just another ms.decms.eu site\",\"potentialAction\":[{\"@type\":\"SearchAction\",\"target\":{\"@type\":\"EntryPoint\",\"urlTemplate\":\"https:\/\/www.hotel-aslisboa.pt\/fr\/?s={search_term_string}\"},\"query-input\":{\"@type\":\"PropertyValueSpecification\",\"valueRequired\":true,\"valueName\":\"search_term_string\"}}],\"inLanguage\":\"fr-FR\"}]}<\/script>\n<!-- \/ Yoast SEO plugin. -->","yoast_head_json":{"title":"Contact - Hotel A.S. Lisboa -","description":"[gravityform id=\"6\" title=\"false\" description=\"true\" ajax=\"true\"].","robots":{"index":"index","follow":"follow","max-snippet":"max-snippet:-1","max-image-preview":"max-image-preview:large","max-video-preview":"max-video-preview:-1"},"canonical":"https:\/\/www.hotel-aslisboa.pt\/fr\/contact\/","og_locale":"fr_FR","og_type":"article","og_title":"Contact - Hotel A.S. Lisboa -","og_description":"[gravityform id=\"6\" title=\"false\" description=\"true\" ajax=\"true\"].","og_url":"https:\/\/www.hotel-aslisboa.pt\/fr\/contact\/","og_site_name":"Hotel A.S. Lisboa","article_modified_time":"2021-10-07T14:56:53+00:00","og_image":[{"width":1200,"height":800,"url":"https:\/\/www.hotel-aslisboa.pt\/wp-content\/uploads\/sites\/349\/2021\/09\/IMG_0476-HDR.jpg","type":"image\/jpeg"}],"twitter_card":"summary_large_image","schema":{"@context":"https:\/\/schema.org","@graph":[{"@type":"WebPage","@id":"https:\/\/www.hotel-aslisboa.pt\/fr\/contact\/","url":"https:\/\/www.hotel-aslisboa.pt\/fr\/contact\/","name":"Contact - Hotel A.S. Lisboa -","isPartOf":{"@id":"https:\/\/www.hotel-aslisboa.pt\/fr\/#website"},"datePublished":"2021-10-07T14:53:10+00:00","dateModified":"2021-10-07T14:56:53+00:00","description":"[gravityform id=\"6\" title=\"false\" description=\"true\" ajax=\"true\"].","breadcrumb":{"@id":"https:\/\/www.hotel-aslisboa.pt\/fr\/contact\/#breadcrumb"},"inLanguage":"fr-FR","potentialAction":[{"@type":"ReadAction","target":["https:\/\/www.hotel-aslisboa.pt\/fr\/contact\/"]}]},{"@type":"BreadcrumbList","@id":"https:\/\/www.hotel-aslisboa.pt\/fr\/contact\/#breadcrumb","itemListElement":[{"@type":"ListItem","position":1,"name":"Home","item":"https:\/\/www.hotel-aslisboa.pt\/fr\/"},{"@type":"ListItem","position":2,"name":"Contact"}]},{"@type":"WebSite","@id":"https:\/\/www.hotel-aslisboa.pt\/fr\/#website","url":"https:\/\/www.hotel-aslisboa.pt\/fr\/","name":"Hotel A.S. Lisboa","description":"Just another ms.decms.eu site","potentialAction":[{"@type":"SearchAction","target":{"@type":"EntryPoint","urlTemplate":"https:\/\/www.hotel-aslisboa.pt\/fr\/?s={search_term_string}"},"query-input":{"@type":"PropertyValueSpecification","valueRequired":true,"valueName":"search_term_string"}}],"inLanguage":"fr-FR"}]}},"acf":[],"_links":{"self":[{"href":"https:\/\/www.hotel-aslisboa.pt\/fr\/wp-json\/wp\/v2\/pages\/454","targetHints":{"allow":["GET"]}}],"collection":[{"href":"https:\/\/www.hotel-aslisboa.pt\/fr\/wp-json\/wp\/v2\/pages"}],"about":[{"href":"https:\/\/www.hotel-aslisboa.pt\/fr\/wp-json\/wp\/v2\/types\/page"}],"author":[{"embeddable":true,"href":"https:\/\/www.hotel-aslisboa.pt\/fr\/wp-json\/wp\/v2\/users\/36"}],"replies":[{"embeddable":true,"href":"https:\/\/www.hotel-aslisboa.pt\/fr\/wp-json\/wp\/v2\/comments?post=454"}],"version-history":[{"count":0,"href":"https:\/\/www.hotel-aslisboa.pt\/fr\/wp-json\/wp\/v2\/pages\/454\/revisions"}],"wp:attachment":[{"href":"https:\/\/www.hotel-aslisboa.pt\/fr\/wp-json\/wp\/v2\/media?parent=454"}],"curies":[{"name":"wp","href":"https:\/\/api.w.org\/{rel}","templated":true}]}}