{"id":446,"date":"2021-10-07T14:08:41","date_gmt":"2021-10-07T14:08:41","guid":{"rendered":"https:\/\/hotel-as-lisboa.ms.decms.eu\/?page_id=446"},"modified":"2025-09-16T13:49:05","modified_gmt":"2025-09-16T13:49:05","slug":"parking-alameda","status":"publish","type":"page","link":"https:\/\/www.hotel-aslisboa.pt\/fr\/services\/parking-alameda\/","title":{"rendered":"Parking Alameda"},"content":{"rendered":"<p>Le parking Alameda est \u00e0 50 m\u00e9tres de l&rsquo;Hotel.<br \/>\n24h ouvert, avec s\u00e9curit\u00e9<br \/>\n14 \u20ac par jour<\/p>\n","protected":false},"excerpt":{"rendered":"<p>Le parking Alameda est \u00e0 50 m\u00e9tres de l&rsquo;Hotel. 24h ouvert, avec s\u00e9curit\u00e9 14 \u20ac par jour<\/p>\n","protected":false},"author":36,"featured_media":0,"parent":441,"menu_order":20,"comment_status":"closed","ping_status":"closed","template":"template-default-4.php","meta":{"footnotes":""},"class_list":["post-446","page","type-page","status-publish","hentry"],"yoast_head":"<!-- This site is optimized with the Yoast SEO plugin v26.9 - https:\/\/yoast.com\/product\/yoast-seo-wordpress\/ -->\n<title>Parking Alameda - Hotel A.S. Lisboa -<\/title>\n<meta name=\"description\" content=\"Le parking Alameda est \u00e0 50 m\u00e9tres de l&#039;Hotel. 24h ouvert, avec s\u00e9curit\u00e9 14 \u20ac par jour.\" \/>\n<meta name=\"robots\" content=\"index, follow, max-snippet:-1, max-image-preview:large, max-video-preview:-1\" \/>\n<link rel=\"canonical\" href=\"https:\/\/www.hotel-aslisboa.pt\/fr\/services\/parking-alameda\/\" \/>\n<meta property=\"og:locale\" content=\"fr_FR\" \/>\n<meta property=\"og:type\" content=\"article\" \/>\n<meta property=\"og:title\" content=\"Parking Alameda - Hotel A.S. Lisboa -\" \/>\n<meta property=\"og:description\" content=\"Le parking Alameda est \u00e0 50 m\u00e9tres de l&#039;Hotel. 24h ouvert, avec s\u00e9curit\u00e9 14 \u20ac par jour.\" \/>\n<meta property=\"og:url\" content=\"https:\/\/www.hotel-aslisboa.pt\/fr\/services\/parking-alameda\/\" \/>\n<meta property=\"og:site_name\" content=\"Hotel A.S. Lisboa\" \/>\n<meta property=\"article:modified_time\" content=\"2025-09-16T13:49:05+00:00\" \/>\n<meta property=\"og:image\" content=\"https:\/\/www.hotel-aslisboa.pt\/wp-content\/uploads\/sites\/349\/2021\/09\/IMG_0476-HDR.jpg\" \/>\n\t<meta property=\"og:image:width\" content=\"1200\" \/>\n\t<meta property=\"og:image:height\" content=\"800\" \/>\n\t<meta property=\"og:image:type\" content=\"image\/jpeg\" \/>\n<meta name=\"twitter:card\" content=\"summary_large_image\" \/>\n<script type=\"application\/ld+json\" class=\"yoast-schema-graph\">{\"@context\":\"https:\/\/schema.org\",\"@graph\":[{\"@type\":\"WebPage\",\"@id\":\"https:\/\/www.hotel-aslisboa.pt\/fr\/services\/parking-alameda\/\",\"url\":\"https:\/\/www.hotel-aslisboa.pt\/fr\/services\/parking-alameda\/\",\"name\":\"Parking Alameda - Hotel A.S. Lisboa -\",\"isPartOf\":{\"@id\":\"https:\/\/www.hotel-aslisboa.pt\/fr\/#website\"},\"datePublished\":\"2021-10-07T14:08:41+00:00\",\"dateModified\":\"2025-09-16T13:49:05+00:00\",\"description\":\"Le parking Alameda est \u00e0 50 m\u00e9tres de l'Hotel. 24h ouvert, avec s\u00e9curit\u00e9 14 \u20ac par jour.\",\"breadcrumb\":{\"@id\":\"https:\/\/www.hotel-aslisboa.pt\/fr\/services\/parking-alameda\/#breadcrumb\"},\"inLanguage\":\"fr-FR\",\"potentialAction\":[{\"@type\":\"ReadAction\",\"target\":[\"https:\/\/www.hotel-aslisboa.pt\/fr\/services\/parking-alameda\/\"]}]},{\"@type\":\"BreadcrumbList\",\"@id\":\"https:\/\/www.hotel-aslisboa.pt\/fr\/services\/parking-alameda\/#breadcrumb\",\"itemListElement\":[{\"@type\":\"ListItem\",\"position\":1,\"name\":\"Home\",\"item\":\"https:\/\/www.hotel-aslisboa.pt\/fr\/\"},{\"@type\":\"ListItem\",\"position\":2,\"name\":\"Services\",\"item\":\"https:\/\/www.hotel-aslisboa.pt\/fr\/services\/\"},{\"@type\":\"ListItem\",\"position\":3,\"name\":\"Parking Alameda\"}]},{\"@type\":\"WebSite\",\"@id\":\"https:\/\/www.hotel-aslisboa.pt\/fr\/#website\",\"url\":\"https:\/\/www.hotel-aslisboa.pt\/fr\/\",\"name\":\"Hotel A.S. Lisboa\",\"description\":\"Just another ms.decms.eu site\",\"potentialAction\":[{\"@type\":\"SearchAction\",\"target\":{\"@type\":\"EntryPoint\",\"urlTemplate\":\"https:\/\/www.hotel-aslisboa.pt\/fr\/?s={search_term_string}\"},\"query-input\":{\"@type\":\"PropertyValueSpecification\",\"valueRequired\":true,\"valueName\":\"search_term_string\"}}],\"inLanguage\":\"fr-FR\"}]}<\/script>\n<!-- \/ Yoast SEO plugin. -->","yoast_head_json":{"title":"Parking Alameda - Hotel A.S. Lisboa -","description":"Le parking Alameda est \u00e0 50 m\u00e9tres de l'Hotel. 24h ouvert, avec s\u00e9curit\u00e9 14 \u20ac par jour.","robots":{"index":"index","follow":"follow","max-snippet":"max-snippet:-1","max-image-preview":"max-image-preview:large","max-video-preview":"max-video-preview:-1"},"canonical":"https:\/\/www.hotel-aslisboa.pt\/fr\/services\/parking-alameda\/","og_locale":"fr_FR","og_type":"article","og_title":"Parking Alameda - Hotel A.S. Lisboa -","og_description":"Le parking Alameda est \u00e0 50 m\u00e9tres de l'Hotel. 24h ouvert, avec s\u00e9curit\u00e9 14 \u20ac par jour.","og_url":"https:\/\/www.hotel-aslisboa.pt\/fr\/services\/parking-alameda\/","og_site_name":"Hotel A.S. Lisboa","article_modified_time":"2025-09-16T13:49:05+00:00","og_image":[{"width":1200,"height":800,"url":"https:\/\/www.hotel-aslisboa.pt\/wp-content\/uploads\/sites\/349\/2021\/09\/IMG_0476-HDR.jpg","type":"image\/jpeg"}],"twitter_card":"summary_large_image","schema":{"@context":"https:\/\/schema.org","@graph":[{"@type":"WebPage","@id":"https:\/\/www.hotel-aslisboa.pt\/fr\/services\/parking-alameda\/","url":"https:\/\/www.hotel-aslisboa.pt\/fr\/services\/parking-alameda\/","name":"Parking Alameda - Hotel A.S. Lisboa -","isPartOf":{"@id":"https:\/\/www.hotel-aslisboa.pt\/fr\/#website"},"datePublished":"2021-10-07T14:08:41+00:00","dateModified":"2025-09-16T13:49:05+00:00","description":"Le parking Alameda est \u00e0 50 m\u00e9tres de l'Hotel. 24h ouvert, avec s\u00e9curit\u00e9 14 \u20ac par jour.","breadcrumb":{"@id":"https:\/\/www.hotel-aslisboa.pt\/fr\/services\/parking-alameda\/#breadcrumb"},"inLanguage":"fr-FR","potentialAction":[{"@type":"ReadAction","target":["https:\/\/www.hotel-aslisboa.pt\/fr\/services\/parking-alameda\/"]}]},{"@type":"BreadcrumbList","@id":"https:\/\/www.hotel-aslisboa.pt\/fr\/services\/parking-alameda\/#breadcrumb","itemListElement":[{"@type":"ListItem","position":1,"name":"Home","item":"https:\/\/www.hotel-aslisboa.pt\/fr\/"},{"@type":"ListItem","position":2,"name":"Services","item":"https:\/\/www.hotel-aslisboa.pt\/fr\/services\/"},{"@type":"ListItem","position":3,"name":"Parking Alameda"}]},{"@type":"WebSite","@id":"https:\/\/www.hotel-aslisboa.pt\/fr\/#website","url":"https:\/\/www.hotel-aslisboa.pt\/fr\/","name":"Hotel A.S. Lisboa","description":"Just another ms.decms.eu site","potentialAction":[{"@type":"SearchAction","target":{"@type":"EntryPoint","urlTemplate":"https:\/\/www.hotel-aslisboa.pt\/fr\/?s={search_term_string}"},"query-input":{"@type":"PropertyValueSpecification","valueRequired":true,"valueName":"search_term_string"}}],"inLanguage":"fr-FR"}]}},"acf":[],"_links":{"self":[{"href":"https:\/\/www.hotel-aslisboa.pt\/fr\/wp-json\/wp\/v2\/pages\/446","targetHints":{"allow":["GET"]}}],"collection":[{"href":"https:\/\/www.hotel-aslisboa.pt\/fr\/wp-json\/wp\/v2\/pages"}],"about":[{"href":"https:\/\/www.hotel-aslisboa.pt\/fr\/wp-json\/wp\/v2\/types\/page"}],"author":[{"embeddable":true,"href":"https:\/\/www.hotel-aslisboa.pt\/fr\/wp-json\/wp\/v2\/users\/36"}],"replies":[{"embeddable":true,"href":"https:\/\/www.hotel-aslisboa.pt\/fr\/wp-json\/wp\/v2\/comments?post=446"}],"version-history":[{"count":0,"href":"https:\/\/www.hotel-aslisboa.pt\/fr\/wp-json\/wp\/v2\/pages\/446\/revisions"}],"up":[{"embeddable":true,"href":"https:\/\/www.hotel-aslisboa.pt\/fr\/wp-json\/wp\/v2\/pages\/441"}],"wp:attachment":[{"href":"https:\/\/www.hotel-aslisboa.pt\/fr\/wp-json\/wp\/v2\/media?parent=446"}],"curies":[{"name":"wp","href":"https:\/\/api.w.org\/{rel}","templated":true}]}}