{"id":443,"date":"2021-10-07T14:06:43","date_gmt":"2021-10-07T14:06:43","guid":{"rendered":"https:\/\/hotel-as-lisboa.ms.decms.eu\/?page_id=443"},"modified":"2021-10-07T14:07:00","modified_gmt":"2021-10-07T14:07:00","slug":"petit-dejeuner","status":"publish","type":"page","link":"https:\/\/www.hotel-aslisboa.pt\/fr\/services\/petit-dejeuner\/","title":{"rendered":"Petit-d\u00e9jeuner"},"content":{"rendered":"<p>Apr\u00e9s une bonne nuit de sommeil commencer la journ\u00e9e avec un petit d\u00e9jeuner Buffet avec une large gamme d&rsquo;options, des ouefs, bacon, l\u00e9gumes, fruits, patisserie, croissants et plusieurs pains. Des produits portugaises, des produits sans gluten et des options v\u00e9g\u00e9tariennes.<\/p>\n","protected":false},"excerpt":{"rendered":"<p>Apr\u00e9s une bonne nuit de sommeil commencer la journ\u00e9e avec un petit d\u00e9jeuner Buffet avec une large gamme d&rsquo;options, des ouefs, bacon, l\u00e9gumes, fruits, patisserie, croissants et plusieurs pains. Des produits portugaises, des produits sans gluten et des options v\u00e9g\u00e9tariennes.<\/p>\n","protected":false},"author":36,"featured_media":0,"parent":441,"menu_order":5,"comment_status":"closed","ping_status":"closed","template":"template-default-4.php","meta":{"footnotes":""},"class_list":["post-443","page","type-page","status-publish","hentry"],"yoast_head":"<!-- This site is optimized with the Yoast SEO plugin v26.9 - https:\/\/yoast.com\/product\/yoast-seo-wordpress\/ -->\n<title>Petit-d\u00e9jeuner - Hotel A.S. Lisboa -<\/title>\n<meta name=\"description\" content=\"Apr\u00e9s une bonne nuit de sommeil commencer la journ\u00e9e avec un petit d\u00e9jeuner Buffet avec une large gamme d&#039;options, des ouefs, bacon, l\u00e9gumes, fruits, patisserie, croissants et plusieurs pains. Des produits portugaises, des produits sans gluten et des options v\u00e9g\u00e9tariennes.\" \/>\n<meta name=\"robots\" content=\"index, follow, max-snippet:-1, max-image-preview:large, max-video-preview:-1\" \/>\n<link rel=\"canonical\" href=\"https:\/\/www.hotel-aslisboa.pt\/fr\/services\/petit-dejeuner\/\" \/>\n<meta property=\"og:locale\" content=\"fr_FR\" \/>\n<meta property=\"og:type\" content=\"article\" \/>\n<meta property=\"og:title\" content=\"Petit-d\u00e9jeuner - Hotel A.S. Lisboa -\" \/>\n<meta property=\"og:description\" content=\"Apr\u00e9s une bonne nuit de sommeil commencer la journ\u00e9e avec un petit d\u00e9jeuner Buffet avec une large gamme d&#039;options, des ouefs, bacon, l\u00e9gumes, fruits, patisserie, croissants et plusieurs pains. Des produits portugaises, des produits sans gluten et des options v\u00e9g\u00e9tariennes.\" \/>\n<meta property=\"og:url\" content=\"https:\/\/www.hotel-aslisboa.pt\/fr\/services\/petit-dejeuner\/\" \/>\n<meta property=\"og:site_name\" content=\"Hotel A.S. Lisboa\" \/>\n<meta property=\"article:modified_time\" content=\"2021-10-07T14:07:00+00:00\" \/>\n<meta property=\"og:image\" content=\"https:\/\/www.hotel-aslisboa.pt\/wp-content\/uploads\/sites\/349\/2021\/09\/IMG_0476-HDR.jpg\" \/>\n\t<meta property=\"og:image:width\" content=\"1200\" \/>\n\t<meta property=\"og:image:height\" content=\"800\" \/>\n\t<meta property=\"og:image:type\" content=\"image\/jpeg\" \/>\n<meta name=\"twitter:card\" content=\"summary_large_image\" \/>\n<script type=\"application\/ld+json\" class=\"yoast-schema-graph\">{\"@context\":\"https:\/\/schema.org\",\"@graph\":[{\"@type\":\"WebPage\",\"@id\":\"https:\/\/www.hotel-aslisboa.pt\/fr\/services\/petit-dejeuner\/\",\"url\":\"https:\/\/www.hotel-aslisboa.pt\/fr\/services\/petit-dejeuner\/\",\"name\":\"Petit-d\u00e9jeuner - Hotel A.S. Lisboa -\",\"isPartOf\":{\"@id\":\"https:\/\/www.hotel-aslisboa.pt\/fr\/#website\"},\"datePublished\":\"2021-10-07T14:06:43+00:00\",\"dateModified\":\"2021-10-07T14:07:00+00:00\",\"description\":\"Apr\u00e9s une bonne nuit de sommeil commencer la journ\u00e9e avec un petit d\u00e9jeuner Buffet avec une large gamme d'options, des ouefs, bacon, l\u00e9gumes, fruits, patisserie, croissants et plusieurs pains. Des produits portugaises, des produits sans gluten et des options v\u00e9g\u00e9tariennes.\",\"breadcrumb\":{\"@id\":\"https:\/\/www.hotel-aslisboa.pt\/fr\/services\/petit-dejeuner\/#breadcrumb\"},\"inLanguage\":\"fr-FR\",\"potentialAction\":[{\"@type\":\"ReadAction\",\"target\":[\"https:\/\/www.hotel-aslisboa.pt\/fr\/services\/petit-dejeuner\/\"]}]},{\"@type\":\"BreadcrumbList\",\"@id\":\"https:\/\/www.hotel-aslisboa.pt\/fr\/services\/petit-dejeuner\/#breadcrumb\",\"itemListElement\":[{\"@type\":\"ListItem\",\"position\":1,\"name\":\"Home\",\"item\":\"https:\/\/www.hotel-aslisboa.pt\/fr\/\"},{\"@type\":\"ListItem\",\"position\":2,\"name\":\"Services\",\"item\":\"https:\/\/www.hotel-aslisboa.pt\/fr\/services\/\"},{\"@type\":\"ListItem\",\"position\":3,\"name\":\"Petit-d\u00e9jeuner\"}]},{\"@type\":\"WebSite\",\"@id\":\"https:\/\/www.hotel-aslisboa.pt\/fr\/#website\",\"url\":\"https:\/\/www.hotel-aslisboa.pt\/fr\/\",\"name\":\"Hotel A.S. Lisboa\",\"description\":\"Just another ms.decms.eu site\",\"potentialAction\":[{\"@type\":\"SearchAction\",\"target\":{\"@type\":\"EntryPoint\",\"urlTemplate\":\"https:\/\/www.hotel-aslisboa.pt\/fr\/?s={search_term_string}\"},\"query-input\":{\"@type\":\"PropertyValueSpecification\",\"valueRequired\":true,\"valueName\":\"search_term_string\"}}],\"inLanguage\":\"fr-FR\"}]}<\/script>\n<!-- \/ Yoast SEO plugin. -->","yoast_head_json":{"title":"Petit-d\u00e9jeuner - Hotel A.S. Lisboa -","description":"Apr\u00e9s une bonne nuit de sommeil commencer la journ\u00e9e avec un petit d\u00e9jeuner Buffet avec une large gamme d'options, des ouefs, bacon, l\u00e9gumes, fruits, patisserie, croissants et plusieurs pains. Des produits portugaises, des produits sans gluten et des options v\u00e9g\u00e9tariennes.","robots":{"index":"index","follow":"follow","max-snippet":"max-snippet:-1","max-image-preview":"max-image-preview:large","max-video-preview":"max-video-preview:-1"},"canonical":"https:\/\/www.hotel-aslisboa.pt\/fr\/services\/petit-dejeuner\/","og_locale":"fr_FR","og_type":"article","og_title":"Petit-d\u00e9jeuner - Hotel A.S. Lisboa -","og_description":"Apr\u00e9s une bonne nuit de sommeil commencer la journ\u00e9e avec un petit d\u00e9jeuner Buffet avec une large gamme d'options, des ouefs, bacon, l\u00e9gumes, fruits, patisserie, croissants et plusieurs pains. Des produits portugaises, des produits sans gluten et des options v\u00e9g\u00e9tariennes.","og_url":"https:\/\/www.hotel-aslisboa.pt\/fr\/services\/petit-dejeuner\/","og_site_name":"Hotel A.S. Lisboa","article_modified_time":"2021-10-07T14:07:00+00:00","og_image":[{"width":1200,"height":800,"url":"https:\/\/www.hotel-aslisboa.pt\/wp-content\/uploads\/sites\/349\/2021\/09\/IMG_0476-HDR.jpg","type":"image\/jpeg"}],"twitter_card":"summary_large_image","schema":{"@context":"https:\/\/schema.org","@graph":[{"@type":"WebPage","@id":"https:\/\/www.hotel-aslisboa.pt\/fr\/services\/petit-dejeuner\/","url":"https:\/\/www.hotel-aslisboa.pt\/fr\/services\/petit-dejeuner\/","name":"Petit-d\u00e9jeuner - Hotel A.S. Lisboa -","isPartOf":{"@id":"https:\/\/www.hotel-aslisboa.pt\/fr\/#website"},"datePublished":"2021-10-07T14:06:43+00:00","dateModified":"2021-10-07T14:07:00+00:00","description":"Apr\u00e9s une bonne nuit de sommeil commencer la journ\u00e9e avec un petit d\u00e9jeuner Buffet avec une large gamme d'options, des ouefs, bacon, l\u00e9gumes, fruits, patisserie, croissants et plusieurs pains. Des produits portugaises, des produits sans gluten et des options v\u00e9g\u00e9tariennes.","breadcrumb":{"@id":"https:\/\/www.hotel-aslisboa.pt\/fr\/services\/petit-dejeuner\/#breadcrumb"},"inLanguage":"fr-FR","potentialAction":[{"@type":"ReadAction","target":["https:\/\/www.hotel-aslisboa.pt\/fr\/services\/petit-dejeuner\/"]}]},{"@type":"BreadcrumbList","@id":"https:\/\/www.hotel-aslisboa.pt\/fr\/services\/petit-dejeuner\/#breadcrumb","itemListElement":[{"@type":"ListItem","position":1,"name":"Home","item":"https:\/\/www.hotel-aslisboa.pt\/fr\/"},{"@type":"ListItem","position":2,"name":"Services","item":"https:\/\/www.hotel-aslisboa.pt\/fr\/services\/"},{"@type":"ListItem","position":3,"name":"Petit-d\u00e9jeuner"}]},{"@type":"WebSite","@id":"https:\/\/www.hotel-aslisboa.pt\/fr\/#website","url":"https:\/\/www.hotel-aslisboa.pt\/fr\/","name":"Hotel A.S. Lisboa","description":"Just another ms.decms.eu site","potentialAction":[{"@type":"SearchAction","target":{"@type":"EntryPoint","urlTemplate":"https:\/\/www.hotel-aslisboa.pt\/fr\/?s={search_term_string}"},"query-input":{"@type":"PropertyValueSpecification","valueRequired":true,"valueName":"search_term_string"}}],"inLanguage":"fr-FR"}]}},"acf":[],"_links":{"self":[{"href":"https:\/\/www.hotel-aslisboa.pt\/fr\/wp-json\/wp\/v2\/pages\/443","targetHints":{"allow":["GET"]}}],"collection":[{"href":"https:\/\/www.hotel-aslisboa.pt\/fr\/wp-json\/wp\/v2\/pages"}],"about":[{"href":"https:\/\/www.hotel-aslisboa.pt\/fr\/wp-json\/wp\/v2\/types\/page"}],"author":[{"embeddable":true,"href":"https:\/\/www.hotel-aslisboa.pt\/fr\/wp-json\/wp\/v2\/users\/36"}],"replies":[{"embeddable":true,"href":"https:\/\/www.hotel-aslisboa.pt\/fr\/wp-json\/wp\/v2\/comments?post=443"}],"version-history":[{"count":0,"href":"https:\/\/www.hotel-aslisboa.pt\/fr\/wp-json\/wp\/v2\/pages\/443\/revisions"}],"up":[{"embeddable":true,"href":"https:\/\/www.hotel-aslisboa.pt\/fr\/wp-json\/wp\/v2\/pages\/441"}],"wp:attachment":[{"href":"https:\/\/www.hotel-aslisboa.pt\/fr\/wp-json\/wp\/v2\/media?parent=443"}],"curies":[{"name":"wp","href":"https:\/\/api.w.org\/{rel}","templated":true}]}}