{"id":438,"date":"2021-10-07T13:56:44","date_gmt":"2021-10-07T13:56:44","guid":{"rendered":"https:\/\/hotel-as-lisboa.ms.decms.eu\/?page_id=438"},"modified":"2021-10-11T13:11:02","modified_gmt":"2021-10-11T13:11:02","slug":"comfort-king","status":"publish","type":"page","link":"https:\/\/www.hotel-aslisboa.pt\/fr\/chambres\/comfort-king\/","title":{"rendered":"Comfort King"},"content":{"rendered":"<p>Une chambre spacieuse de 20m2, lit King, d\u00e9cor\u00e9e de diff\u00e9rents th\u00e8mes, inspir\u00e9e du monde, du Portugal, de la nature et du recyclage. Chaque chambre est unique !<br \/>\nAyez \u00e0 votre disposition une Smart TV, Bluetooth et un syst\u00e8me de son surround pour vos moments romantiques en couple\u2026<br \/>\nUne vue fantastique sur la ville et le parc pour profiter et sentir la brise fra\u00eeche du matin et les douces lumi\u00e8res du coucher de soleil\u2026<br \/>\nEt un accueil privil\u00e9gi\u00e9 pour votre plus grand confort !<\/p>\n","protected":false},"excerpt":{"rendered":"<p>Une chambre spacieuse de 20m2, lit King, d\u00e9cor\u00e9e de diff\u00e9rents th\u00e8mes, inspir\u00e9e du monde, du Portugal, de la nature et du recyclage. Chaque chambre est unique ! Ayez \u00e0 votre disposition une Smart TV, Bluetooth et un syst\u00e8me de son surround pour vos moments romantiques en couple\u2026 Une vue fantastique sur la ville et le [&hellip;]<\/p>\n","protected":false},"author":36,"featured_media":0,"parent":411,"menu_order":35,"comment_status":"closed","ping_status":"closed","template":"template-single-room.php","meta":{"footnotes":""},"class_list":["post-438","page","type-page","status-publish","hentry"],"yoast_head":"<!-- This site is optimized with the Yoast SEO plugin v26.9 - https:\/\/yoast.com\/product\/yoast-seo-wordpress\/ -->\n<title>Comfort King - Hotel A.S. Lisboa -<\/title>\n<meta name=\"description\" content=\"Une chambre spacieuse de 20m2, lit King, d\u00e9cor\u00e9e de diff\u00e9rents th\u00e8mes, inspir\u00e9e du monde, du Portugal, de la nature et du recyclage. Chaque chambre est unique ! Ayez \u00e0 votre disposition une Smart TV, Bluetooth et un syst\u00e8me de son surround pour vos moments romantiques en couple\u2026 Une vue fantastique sur la ville et le parc pour profiter et sentir la brise fra\u00eeche du matin et les douces lumi\u00e8res du coucher de soleil\u2026 Et un accueil privil\u00e9gi\u00e9 pour votre plus grand confort !\" \/>\n<meta name=\"robots\" content=\"index, follow, max-snippet:-1, max-image-preview:large, max-video-preview:-1\" \/>\n<link rel=\"canonical\" href=\"https:\/\/www.hotel-aslisboa.pt\/fr\/chambres\/comfort-king\/\" \/>\n<meta property=\"og:locale\" content=\"fr_FR\" \/>\n<meta property=\"og:type\" content=\"article\" \/>\n<meta property=\"og:title\" content=\"Comfort King - Hotel A.S. Lisboa -\" \/>\n<meta property=\"og:description\" content=\"Une chambre spacieuse de 20m2, lit King, d\u00e9cor\u00e9e de diff\u00e9rents th\u00e8mes, inspir\u00e9e du monde, du Portugal, de la nature et du recyclage. Chaque chambre est unique ! Ayez \u00e0 votre disposition une Smart TV, Bluetooth et un syst\u00e8me de son surround pour vos moments romantiques en couple\u2026 Une vue fantastique sur la ville et le parc pour profiter et sentir la brise fra\u00eeche du matin et les douces lumi\u00e8res du coucher de soleil\u2026 Et un accueil privil\u00e9gi\u00e9 pour votre plus grand confort !\" \/>\n<meta property=\"og:url\" content=\"https:\/\/www.hotel-aslisboa.pt\/fr\/chambres\/comfort-king\/\" \/>\n<meta property=\"og:site_name\" content=\"Hotel A.S. Lisboa\" \/>\n<meta property=\"article:modified_time\" content=\"2021-10-11T13:11:02+00:00\" \/>\n<meta property=\"og:image\" content=\"https:\/\/www.hotel-aslisboa.pt\/wp-content\/uploads\/sites\/349\/2021\/09\/IMG_0476-HDR.jpg\" \/>\n\t<meta property=\"og:image:width\" content=\"1200\" \/>\n\t<meta property=\"og:image:height\" content=\"800\" \/>\n\t<meta property=\"og:image:type\" content=\"image\/jpeg\" \/>\n<meta name=\"twitter:card\" content=\"summary_large_image\" \/>\n<script type=\"application\/ld+json\" class=\"yoast-schema-graph\">{\"@context\":\"https:\/\/schema.org\",\"@graph\":[{\"@type\":\"WebPage\",\"@id\":\"https:\/\/www.hotel-aslisboa.pt\/fr\/chambres\/comfort-king\/\",\"url\":\"https:\/\/www.hotel-aslisboa.pt\/fr\/chambres\/comfort-king\/\",\"name\":\"Comfort King - Hotel A.S. Lisboa -\",\"isPartOf\":{\"@id\":\"https:\/\/www.hotel-aslisboa.pt\/fr\/#website\"},\"datePublished\":\"2021-10-07T13:56:44+00:00\",\"dateModified\":\"2021-10-11T13:11:02+00:00\",\"description\":\"Une chambre spacieuse de 20m2, lit King, d\u00e9cor\u00e9e de diff\u00e9rents th\u00e8mes, inspir\u00e9e du monde, du Portugal, de la nature et du recyclage. Chaque chambre est unique ! Ayez \u00e0 votre disposition une Smart TV, Bluetooth et un syst\u00e8me de son surround pour vos moments romantiques en couple\u2026 Une vue fantastique sur la ville et le parc pour profiter et sentir la brise fra\u00eeche du matin et les douces lumi\u00e8res du coucher de soleil\u2026 Et un accueil privil\u00e9gi\u00e9 pour votre plus grand confort !\",\"breadcrumb\":{\"@id\":\"https:\/\/www.hotel-aslisboa.pt\/fr\/chambres\/comfort-king\/#breadcrumb\"},\"inLanguage\":\"fr-FR\",\"potentialAction\":[{\"@type\":\"ReadAction\",\"target\":[\"https:\/\/www.hotel-aslisboa.pt\/fr\/chambres\/comfort-king\/\"]}]},{\"@type\":\"BreadcrumbList\",\"@id\":\"https:\/\/www.hotel-aslisboa.pt\/fr\/chambres\/comfort-king\/#breadcrumb\",\"itemListElement\":[{\"@type\":\"ListItem\",\"position\":1,\"name\":\"Home\",\"item\":\"https:\/\/www.hotel-aslisboa.pt\/fr\/\"},{\"@type\":\"ListItem\",\"position\":2,\"name\":\"Chambres\",\"item\":\"https:\/\/www.hotel-aslisboa.pt\/fr\/chambres\/\"},{\"@type\":\"ListItem\",\"position\":3,\"name\":\"Comfort King\"}]},{\"@type\":\"WebSite\",\"@id\":\"https:\/\/www.hotel-aslisboa.pt\/fr\/#website\",\"url\":\"https:\/\/www.hotel-aslisboa.pt\/fr\/\",\"name\":\"Hotel A.S. Lisboa\",\"description\":\"Just another ms.decms.eu site\",\"potentialAction\":[{\"@type\":\"SearchAction\",\"target\":{\"@type\":\"EntryPoint\",\"urlTemplate\":\"https:\/\/www.hotel-aslisboa.pt\/fr\/?s={search_term_string}\"},\"query-input\":{\"@type\":\"PropertyValueSpecification\",\"valueRequired\":true,\"valueName\":\"search_term_string\"}}],\"inLanguage\":\"fr-FR\"}]}<\/script>\n<!-- \/ Yoast SEO plugin. -->","yoast_head_json":{"title":"Comfort King - Hotel A.S. Lisboa -","description":"Une chambre spacieuse de 20m2, lit King, d\u00e9cor\u00e9e de diff\u00e9rents th\u00e8mes, inspir\u00e9e du monde, du Portugal, de la nature et du recyclage. Chaque chambre est unique ! Ayez \u00e0 votre disposition une Smart TV, Bluetooth et un syst\u00e8me de son surround pour vos moments romantiques en couple\u2026 Une vue fantastique sur la ville et le parc pour profiter et sentir la brise fra\u00eeche du matin et les douces lumi\u00e8res du coucher de soleil\u2026 Et un accueil privil\u00e9gi\u00e9 pour votre plus grand confort !","robots":{"index":"index","follow":"follow","max-snippet":"max-snippet:-1","max-image-preview":"max-image-preview:large","max-video-preview":"max-video-preview:-1"},"canonical":"https:\/\/www.hotel-aslisboa.pt\/fr\/chambres\/comfort-king\/","og_locale":"fr_FR","og_type":"article","og_title":"Comfort King - Hotel A.S. Lisboa -","og_description":"Une chambre spacieuse de 20m2, lit King, d\u00e9cor\u00e9e de diff\u00e9rents th\u00e8mes, inspir\u00e9e du monde, du Portugal, de la nature et du recyclage. Chaque chambre est unique ! Ayez \u00e0 votre disposition une Smart TV, Bluetooth et un syst\u00e8me de son surround pour vos moments romantiques en couple\u2026 Une vue fantastique sur la ville et le parc pour profiter et sentir la brise fra\u00eeche du matin et les douces lumi\u00e8res du coucher de soleil\u2026 Et un accueil privil\u00e9gi\u00e9 pour votre plus grand confort !","og_url":"https:\/\/www.hotel-aslisboa.pt\/fr\/chambres\/comfort-king\/","og_site_name":"Hotel A.S. Lisboa","article_modified_time":"2021-10-11T13:11:02+00:00","og_image":[{"width":1200,"height":800,"url":"https:\/\/www.hotel-aslisboa.pt\/wp-content\/uploads\/sites\/349\/2021\/09\/IMG_0476-HDR.jpg","type":"image\/jpeg"}],"twitter_card":"summary_large_image","schema":{"@context":"https:\/\/schema.org","@graph":[{"@type":"WebPage","@id":"https:\/\/www.hotel-aslisboa.pt\/fr\/chambres\/comfort-king\/","url":"https:\/\/www.hotel-aslisboa.pt\/fr\/chambres\/comfort-king\/","name":"Comfort King - Hotel A.S. Lisboa -","isPartOf":{"@id":"https:\/\/www.hotel-aslisboa.pt\/fr\/#website"},"datePublished":"2021-10-07T13:56:44+00:00","dateModified":"2021-10-11T13:11:02+00:00","description":"Une chambre spacieuse de 20m2, lit King, d\u00e9cor\u00e9e de diff\u00e9rents th\u00e8mes, inspir\u00e9e du monde, du Portugal, de la nature et du recyclage. Chaque chambre est unique ! Ayez \u00e0 votre disposition une Smart TV, Bluetooth et un syst\u00e8me de son surround pour vos moments romantiques en couple\u2026 Une vue fantastique sur la ville et le parc pour profiter et sentir la brise fra\u00eeche du matin et les douces lumi\u00e8res du coucher de soleil\u2026 Et un accueil privil\u00e9gi\u00e9 pour votre plus grand confort !","breadcrumb":{"@id":"https:\/\/www.hotel-aslisboa.pt\/fr\/chambres\/comfort-king\/#breadcrumb"},"inLanguage":"fr-FR","potentialAction":[{"@type":"ReadAction","target":["https:\/\/www.hotel-aslisboa.pt\/fr\/chambres\/comfort-king\/"]}]},{"@type":"BreadcrumbList","@id":"https:\/\/www.hotel-aslisboa.pt\/fr\/chambres\/comfort-king\/#breadcrumb","itemListElement":[{"@type":"ListItem","position":1,"name":"Home","item":"https:\/\/www.hotel-aslisboa.pt\/fr\/"},{"@type":"ListItem","position":2,"name":"Chambres","item":"https:\/\/www.hotel-aslisboa.pt\/fr\/chambres\/"},{"@type":"ListItem","position":3,"name":"Comfort King"}]},{"@type":"WebSite","@id":"https:\/\/www.hotel-aslisboa.pt\/fr\/#website","url":"https:\/\/www.hotel-aslisboa.pt\/fr\/","name":"Hotel A.S. Lisboa","description":"Just another ms.decms.eu site","potentialAction":[{"@type":"SearchAction","target":{"@type":"EntryPoint","urlTemplate":"https:\/\/www.hotel-aslisboa.pt\/fr\/?s={search_term_string}"},"query-input":{"@type":"PropertyValueSpecification","valueRequired":true,"valueName":"search_term_string"}}],"inLanguage":"fr-FR"}]}},"acf":[],"_links":{"self":[{"href":"https:\/\/www.hotel-aslisboa.pt\/fr\/wp-json\/wp\/v2\/pages\/438","targetHints":{"allow":["GET"]}}],"collection":[{"href":"https:\/\/www.hotel-aslisboa.pt\/fr\/wp-json\/wp\/v2\/pages"}],"about":[{"href":"https:\/\/www.hotel-aslisboa.pt\/fr\/wp-json\/wp\/v2\/types\/page"}],"author":[{"embeddable":true,"href":"https:\/\/www.hotel-aslisboa.pt\/fr\/wp-json\/wp\/v2\/users\/36"}],"replies":[{"embeddable":true,"href":"https:\/\/www.hotel-aslisboa.pt\/fr\/wp-json\/wp\/v2\/comments?post=438"}],"version-history":[{"count":0,"href":"https:\/\/www.hotel-aslisboa.pt\/fr\/wp-json\/wp\/v2\/pages\/438\/revisions"}],"up":[{"embeddable":true,"href":"https:\/\/www.hotel-aslisboa.pt\/fr\/wp-json\/wp\/v2\/pages\/411"}],"wp:attachment":[{"href":"https:\/\/www.hotel-aslisboa.pt\/fr\/wp-json\/wp\/v2\/media?parent=438"}],"curies":[{"name":"wp","href":"https:\/\/api.w.org\/{rel}","templated":true}]}}