{"id":411,"date":"2021-09-27T13:44:23","date_gmt":"2021-09-27T13:44:23","guid":{"rendered":"https:\/\/hotel-as-lisboa.ms.decms.eu\/?page_id=411"},"modified":"2021-09-27T13:45:08","modified_gmt":"2021-09-27T13:45:08","slug":"chambres","status":"publish","type":"page","link":"https:\/\/www.hotel-aslisboa.pt\/fr\/chambres\/","title":{"rendered":"Chambres"},"content":{"rendered":"<p>Tous les 75 chambres de l&rsquo; Hotel A.S. Lisboa ont une vue pour le parc Alameda, et certaines, pour la fantastique ville de lisbonne. Toutes les chambres sont \u00e9quip\u00e9s selon les normes des h\u00f4tels de trois \u00e9toiles. L&rsquo;Hotel A.S.Lisboa est le paradis pour se d\u00e9tendre en vacances, voyage d&rsquo;affaires, tout seul, accompagn\u00e9, avec la famille ou des coupains.<\/p>\n","protected":false},"excerpt":{"rendered":"<p>Tous les 75 chambres de l&rsquo; Hotel A.S. Lisboa ont une vue pour le parc Alameda, et certaines, pour la fantastique ville de lisbonne. Toutes les chambres sont \u00e9quip\u00e9s selon les normes des h\u00f4tels de trois \u00e9toiles. L&rsquo;Hotel A.S.Lisboa est le paradis pour se d\u00e9tendre en vacances, voyage d&rsquo;affaires, tout seul, accompagn\u00e9, avec la famille [&hellip;]<\/p>\n","protected":false},"author":36,"featured_media":0,"parent":0,"menu_order":5,"comment_status":"closed","ping_status":"closed","template":"template-rooms.php","meta":{"footnotes":""},"class_list":["post-411","page","type-page","status-publish","hentry"],"yoast_head":"<!-- This site is optimized with the Yoast SEO plugin v26.9 - https:\/\/yoast.com\/product\/yoast-seo-wordpress\/ -->\n<title>Hotel A.S.Lisboa - CHAMBRES<\/title>\n<meta name=\"description\" content=\"Les 75 chambres de l&#039;h\u00f4tel A.S. Lisboa donnent sur le magnifique parc Alameda et certaines d&#039;entre elles donnent sur la fantastique ville de Lisbonne. Les chambres sont toutes \u00e9quip\u00e9es selon les normes sup\u00e9rieures des h\u00f4tels citadins trois \u00e9toiles. L&#039;H\u00f4tel A.S.Lisboa est le paradis id\u00e9al pour se d\u00e9tendre en loisir, en voyage d&#039;affaires, seul, en couple, en famille ou entre amis.\" \/>\n<meta name=\"robots\" content=\"index, follow, max-snippet:-1, max-image-preview:large, max-video-preview:-1\" \/>\n<link rel=\"canonical\" href=\"https:\/\/www.hotel-aslisboa.pt\/fr\/chambres\/\" \/>\n<meta property=\"og:locale\" content=\"fr_FR\" \/>\n<meta property=\"og:type\" content=\"article\" \/>\n<meta property=\"og:title\" content=\"Hotel A.S.Lisboa - CHAMBRES\" \/>\n<meta property=\"og:description\" content=\"Les 75 chambres de l&#039;h\u00f4tel A.S. Lisboa donnent sur le magnifique parc Alameda et certaines d&#039;entre elles donnent sur la fantastique ville de Lisbonne. Les chambres sont toutes \u00e9quip\u00e9es selon les normes sup\u00e9rieures des h\u00f4tels citadins trois \u00e9toiles. L&#039;H\u00f4tel A.S.Lisboa est le paradis id\u00e9al pour se d\u00e9tendre en loisir, en voyage d&#039;affaires, seul, en couple, en famille ou entre amis.\" \/>\n<meta property=\"og:url\" content=\"https:\/\/www.hotel-aslisboa.pt\/fr\/chambres\/\" \/>\n<meta property=\"og:site_name\" content=\"Hotel A.S. Lisboa\" \/>\n<meta property=\"article:modified_time\" content=\"2021-09-27T13:45:08+00:00\" \/>\n<meta property=\"og:image\" content=\"https:\/\/www.hotel-aslisboa.pt\/wp-content\/uploads\/sites\/349\/2021\/09\/IMG_0476-HDR.jpg\" \/>\n\t<meta property=\"og:image:width\" content=\"1200\" \/>\n\t<meta property=\"og:image:height\" content=\"800\" \/>\n\t<meta property=\"og:image:type\" content=\"image\/jpeg\" \/>\n<meta name=\"twitter:card\" content=\"summary_large_image\" \/>\n<script type=\"application\/ld+json\" class=\"yoast-schema-graph\">{\"@context\":\"https:\/\/schema.org\",\"@graph\":[{\"@type\":\"WebPage\",\"@id\":\"https:\/\/www.hotel-aslisboa.pt\/fr\/chambres\/\",\"url\":\"https:\/\/www.hotel-aslisboa.pt\/fr\/chambres\/\",\"name\":\"Hotel A.S.Lisboa - CHAMBRES\",\"isPartOf\":{\"@id\":\"https:\/\/www.hotel-aslisboa.pt\/fr\/#website\"},\"datePublished\":\"2021-09-27T13:44:23+00:00\",\"dateModified\":\"2021-09-27T13:45:08+00:00\",\"description\":\"Les 75 chambres de l'h\u00f4tel A.S. Lisboa donnent sur le magnifique parc Alameda et certaines d'entre elles donnent sur la fantastique ville de Lisbonne. Les chambres sont toutes \u00e9quip\u00e9es selon les normes sup\u00e9rieures des h\u00f4tels citadins trois \u00e9toiles. L'H\u00f4tel A.S.Lisboa est le paradis id\u00e9al pour se d\u00e9tendre en loisir, en voyage d'affaires, seul, en couple, en famille ou entre amis.\",\"breadcrumb\":{\"@id\":\"https:\/\/www.hotel-aslisboa.pt\/fr\/chambres\/#breadcrumb\"},\"inLanguage\":\"fr-FR\",\"potentialAction\":[{\"@type\":\"ReadAction\",\"target\":[\"https:\/\/www.hotel-aslisboa.pt\/fr\/chambres\/\"]}]},{\"@type\":\"BreadcrumbList\",\"@id\":\"https:\/\/www.hotel-aslisboa.pt\/fr\/chambres\/#breadcrumb\",\"itemListElement\":[{\"@type\":\"ListItem\",\"position\":1,\"name\":\"Home\",\"item\":\"https:\/\/www.hotel-aslisboa.pt\/fr\/\"},{\"@type\":\"ListItem\",\"position\":2,\"name\":\"Chambres\"}]},{\"@type\":\"WebSite\",\"@id\":\"https:\/\/www.hotel-aslisboa.pt\/fr\/#website\",\"url\":\"https:\/\/www.hotel-aslisboa.pt\/fr\/\",\"name\":\"Hotel A.S. Lisboa\",\"description\":\"Just another ms.decms.eu site\",\"potentialAction\":[{\"@type\":\"SearchAction\",\"target\":{\"@type\":\"EntryPoint\",\"urlTemplate\":\"https:\/\/www.hotel-aslisboa.pt\/fr\/?s={search_term_string}\"},\"query-input\":{\"@type\":\"PropertyValueSpecification\",\"valueRequired\":true,\"valueName\":\"search_term_string\"}}],\"inLanguage\":\"fr-FR\"}]}<\/script>\n<!-- \/ Yoast SEO plugin. -->","yoast_head_json":{"title":"Hotel A.S.Lisboa - CHAMBRES","description":"Les 75 chambres de l'h\u00f4tel A.S. Lisboa donnent sur le magnifique parc Alameda et certaines d'entre elles donnent sur la fantastique ville de Lisbonne. Les chambres sont toutes \u00e9quip\u00e9es selon les normes sup\u00e9rieures des h\u00f4tels citadins trois \u00e9toiles. L'H\u00f4tel A.S.Lisboa est le paradis id\u00e9al pour se d\u00e9tendre en loisir, en voyage d'affaires, seul, en couple, en famille ou entre amis.","robots":{"index":"index","follow":"follow","max-snippet":"max-snippet:-1","max-image-preview":"max-image-preview:large","max-video-preview":"max-video-preview:-1"},"canonical":"https:\/\/www.hotel-aslisboa.pt\/fr\/chambres\/","og_locale":"fr_FR","og_type":"article","og_title":"Hotel A.S.Lisboa - CHAMBRES","og_description":"Les 75 chambres de l'h\u00f4tel A.S. Lisboa donnent sur le magnifique parc Alameda et certaines d'entre elles donnent sur la fantastique ville de Lisbonne. Les chambres sont toutes \u00e9quip\u00e9es selon les normes sup\u00e9rieures des h\u00f4tels citadins trois \u00e9toiles. L'H\u00f4tel A.S.Lisboa est le paradis id\u00e9al pour se d\u00e9tendre en loisir, en voyage d'affaires, seul, en couple, en famille ou entre amis.","og_url":"https:\/\/www.hotel-aslisboa.pt\/fr\/chambres\/","og_site_name":"Hotel A.S. Lisboa","article_modified_time":"2021-09-27T13:45:08+00:00","og_image":[{"width":1200,"height":800,"url":"https:\/\/www.hotel-aslisboa.pt\/wp-content\/uploads\/sites\/349\/2021\/09\/IMG_0476-HDR.jpg","type":"image\/jpeg"}],"twitter_card":"summary_large_image","schema":{"@context":"https:\/\/schema.org","@graph":[{"@type":"WebPage","@id":"https:\/\/www.hotel-aslisboa.pt\/fr\/chambres\/","url":"https:\/\/www.hotel-aslisboa.pt\/fr\/chambres\/","name":"Hotel A.S.Lisboa - CHAMBRES","isPartOf":{"@id":"https:\/\/www.hotel-aslisboa.pt\/fr\/#website"},"datePublished":"2021-09-27T13:44:23+00:00","dateModified":"2021-09-27T13:45:08+00:00","description":"Les 75 chambres de l'h\u00f4tel A.S. Lisboa donnent sur le magnifique parc Alameda et certaines d'entre elles donnent sur la fantastique ville de Lisbonne. Les chambres sont toutes \u00e9quip\u00e9es selon les normes sup\u00e9rieures des h\u00f4tels citadins trois \u00e9toiles. L'H\u00f4tel A.S.Lisboa est le paradis id\u00e9al pour se d\u00e9tendre en loisir, en voyage d'affaires, seul, en couple, en famille ou entre amis.","breadcrumb":{"@id":"https:\/\/www.hotel-aslisboa.pt\/fr\/chambres\/#breadcrumb"},"inLanguage":"fr-FR","potentialAction":[{"@type":"ReadAction","target":["https:\/\/www.hotel-aslisboa.pt\/fr\/chambres\/"]}]},{"@type":"BreadcrumbList","@id":"https:\/\/www.hotel-aslisboa.pt\/fr\/chambres\/#breadcrumb","itemListElement":[{"@type":"ListItem","position":1,"name":"Home","item":"https:\/\/www.hotel-aslisboa.pt\/fr\/"},{"@type":"ListItem","position":2,"name":"Chambres"}]},{"@type":"WebSite","@id":"https:\/\/www.hotel-aslisboa.pt\/fr\/#website","url":"https:\/\/www.hotel-aslisboa.pt\/fr\/","name":"Hotel A.S. Lisboa","description":"Just another ms.decms.eu site","potentialAction":[{"@type":"SearchAction","target":{"@type":"EntryPoint","urlTemplate":"https:\/\/www.hotel-aslisboa.pt\/fr\/?s={search_term_string}"},"query-input":{"@type":"PropertyValueSpecification","valueRequired":true,"valueName":"search_term_string"}}],"inLanguage":"fr-FR"}]}},"acf":[],"_links":{"self":[{"href":"https:\/\/www.hotel-aslisboa.pt\/fr\/wp-json\/wp\/v2\/pages\/411","targetHints":{"allow":["GET"]}}],"collection":[{"href":"https:\/\/www.hotel-aslisboa.pt\/fr\/wp-json\/wp\/v2\/pages"}],"about":[{"href":"https:\/\/www.hotel-aslisboa.pt\/fr\/wp-json\/wp\/v2\/types\/page"}],"author":[{"embeddable":true,"href":"https:\/\/www.hotel-aslisboa.pt\/fr\/wp-json\/wp\/v2\/users\/36"}],"replies":[{"embeddable":true,"href":"https:\/\/www.hotel-aslisboa.pt\/fr\/wp-json\/wp\/v2\/comments?post=411"}],"version-history":[{"count":0,"href":"https:\/\/www.hotel-aslisboa.pt\/fr\/wp-json\/wp\/v2\/pages\/411\/revisions"}],"wp:attachment":[{"href":"https:\/\/www.hotel-aslisboa.pt\/fr\/wp-json\/wp\/v2\/media?parent=411"}],"curies":[{"name":"wp","href":"https:\/\/api.w.org\/{rel}","templated":true}]}}