{"id":409,"date":"2021-09-27T13:24:38","date_gmt":"2021-09-27T13:24:38","guid":{"rendered":"https:\/\/hotel-as-lisboa.ms.decms.eu\/?page_id=409"},"modified":"2021-11-16T10:46:25","modified_gmt":"2021-11-16T10:46:25","slug":"hotel-a-s-lisboa","status":"publish","type":"page","link":"https:\/\/www.hotel-aslisboa.pt\/fr\/","title":{"rendered":"H\u00f4tel A.S.Lisboa"},"content":{"rendered":"<p>L&rsquo;Hotel A.S. Lisboa est central, orient\u00e9 vers Alameda d. Afonso Henriques et Fonte Luminosa, situ\u00e9 dans un des quartiers plus embl\u00e9matiques de la capitale, entour\u00e9 d&rsquo;une architecture appell\u00e9e Portugu\u00eas Suave (ann\u00e9es 30-40 XXIe si\u00e8cle ).<\/p>\n<p>En loisirs, voyage d&rsquo;affaires, tout seul, accompagn\u00e9, avec la famille ou des coupains, trouve-le le bien-\u00eatre \u00e0 l&rsquo; Hotel A.S. Lisboa, apr\u00e8s avoir visit\u00e9 cette ville magnifique, avec un charme particulier dans ses coins et pleine de lumi\u00e8re.<\/p>\n<p>Soyez pr\u00eat \u00e0 voyager!<\/p>\n","protected":false},"excerpt":{"rendered":"<p>L&rsquo;Hotel A.S. Lisboa est central, orient\u00e9 vers Alameda d. Afonso Henriques et Fonte Luminosa, situ\u00e9 dans un des quartiers plus embl\u00e9matiques de la capitale, entour\u00e9 d&rsquo;une architecture appell\u00e9e Portugu\u00eas Suave (ann\u00e9es 30-40 XXIe si\u00e8cle ). En loisirs, voyage d&rsquo;affaires, tout seul, accompagn\u00e9, avec la famille ou des coupains, trouve-le le bien-\u00eatre \u00e0 l&rsquo; Hotel A.S. [&hellip;]<\/p>\n","protected":false},"author":36,"featured_media":0,"parent":0,"menu_order":0,"comment_status":"closed","ping_status":"closed","template":"","meta":{"footnotes":""},"class_list":["post-409","page","type-page","status-publish","hentry"],"yoast_head":"<!-- This site is optimized with the Yoast SEO plugin v26.9 - https:\/\/yoast.com\/product\/yoast-seo-wordpress\/ -->\n<title>Hotel A.S.Lisboa - H\u00f4tels dans le centre de Lisbonne<\/title>\n<meta name=\"description\" content=\"L&#039;Hotel A.S.Lisboa est situ\u00e9 parmi l&#039; a\u00e9roport et le centre de la ville. N&#039;importe quel est le b\u00fbt de v\u00f4tre voyage \u00e0 Lisbonne, vous aurez un s\u00e9jour inoubliable!\" \/>\n<meta name=\"robots\" content=\"index, follow, max-snippet:-1, max-image-preview:large, max-video-preview:-1\" \/>\n<link rel=\"canonical\" href=\"https:\/\/www.hotel-aslisboa.pt\/fr\/\" \/>\n<meta property=\"og:locale\" content=\"fr_FR\" \/>\n<meta property=\"og:type\" content=\"article\" \/>\n<meta property=\"og:title\" content=\"Hotel A.S.Lisboa - H\u00f4tels dans le centre de Lisbonne\" \/>\n<meta property=\"og:description\" content=\"L&#039;Hotel A.S.Lisboa est situ\u00e9 parmi l&#039; a\u00e9roport et le centre de la ville. N&#039;importe quel est le b\u00fbt de v\u00f4tre voyage \u00e0 Lisbonne, vous aurez un s\u00e9jour inoubliable!\" \/>\n<meta property=\"og:url\" content=\"https:\/\/www.hotel-aslisboa.pt\/fr\/\" \/>\n<meta property=\"og:site_name\" content=\"Hotel A.S. Lisboa\" \/>\n<meta property=\"article:modified_time\" content=\"2021-11-16T10:46:25+00:00\" \/>\n<meta property=\"og:image\" content=\"https:\/\/www.hotel-aslisboa.pt\/wp-content\/uploads\/sites\/349\/2021\/09\/IMG_0476-HDR.jpg\" \/>\n\t<meta property=\"og:image:width\" content=\"1200\" \/>\n\t<meta property=\"og:image:height\" content=\"800\" \/>\n\t<meta property=\"og:image:type\" content=\"image\/jpeg\" \/>\n<meta name=\"twitter:card\" content=\"summary_large_image\" \/>\n<meta name=\"twitter:label1\" content=\"Dur\u00e9e de lecture estim\u00e9e\" \/>\n\t<meta name=\"twitter:data1\" content=\"1 minute\" \/>\n<script type=\"application\/ld+json\" class=\"yoast-schema-graph\">{\"@context\":\"https:\/\/schema.org\",\"@graph\":[{\"@type\":\"WebPage\",\"@id\":\"https:\/\/www.hotel-aslisboa.pt\/fr\/\",\"url\":\"https:\/\/www.hotel-aslisboa.pt\/fr\/\",\"name\":\"Hotel A.S.Lisboa - H\u00f4tels dans le centre de Lisbonne\",\"isPartOf\":{\"@id\":\"https:\/\/www.hotel-aslisboa.pt\/fr\/#website\"},\"datePublished\":\"2021-09-27T13:24:38+00:00\",\"dateModified\":\"2021-11-16T10:46:25+00:00\",\"description\":\"L'Hotel A.S.Lisboa est situ\u00e9 parmi l' a\u00e9roport et le centre de la ville. N'importe quel est le b\u00fbt de v\u00f4tre voyage \u00e0 Lisbonne, vous aurez un s\u00e9jour inoubliable!\",\"breadcrumb\":{\"@id\":\"https:\/\/www.hotel-aslisboa.pt\/fr\/#breadcrumb\"},\"inLanguage\":\"fr-FR\",\"potentialAction\":[{\"@type\":\"ReadAction\",\"target\":[\"https:\/\/www.hotel-aslisboa.pt\/fr\/\"]}]},{\"@type\":\"BreadcrumbList\",\"@id\":\"https:\/\/www.hotel-aslisboa.pt\/fr\/#breadcrumb\",\"itemListElement\":[{\"@type\":\"ListItem\",\"position\":1,\"name\":\"Home\",\"item\":\"https:\/\/www.hotel-aslisboa.pt\/fr\/\"},{\"@type\":\"ListItem\",\"position\":2,\"name\":\"H\u00f4tel A.S.Lisboa\"}]},{\"@type\":\"WebSite\",\"@id\":\"https:\/\/www.hotel-aslisboa.pt\/fr\/#website\",\"url\":\"https:\/\/www.hotel-aslisboa.pt\/fr\/\",\"name\":\"Hotel A.S. Lisboa\",\"description\":\"Just another ms.decms.eu site\",\"potentialAction\":[{\"@type\":\"SearchAction\",\"target\":{\"@type\":\"EntryPoint\",\"urlTemplate\":\"https:\/\/www.hotel-aslisboa.pt\/fr\/?s={search_term_string}\"},\"query-input\":{\"@type\":\"PropertyValueSpecification\",\"valueRequired\":true,\"valueName\":\"search_term_string\"}}],\"inLanguage\":\"fr-FR\"}]}<\/script>\n<!-- \/ Yoast SEO plugin. -->","yoast_head_json":{"title":"Hotel A.S.Lisboa - H\u00f4tels dans le centre de Lisbonne","description":"L'Hotel A.S.Lisboa est situ\u00e9 parmi l' a\u00e9roport et le centre de la ville. N'importe quel est le b\u00fbt de v\u00f4tre voyage \u00e0 Lisbonne, vous aurez un s\u00e9jour inoubliable!","robots":{"index":"index","follow":"follow","max-snippet":"max-snippet:-1","max-image-preview":"max-image-preview:large","max-video-preview":"max-video-preview:-1"},"canonical":"https:\/\/www.hotel-aslisboa.pt\/fr\/","og_locale":"fr_FR","og_type":"article","og_title":"Hotel A.S.Lisboa - H\u00f4tels dans le centre de Lisbonne","og_description":"L'Hotel A.S.Lisboa est situ\u00e9 parmi l' a\u00e9roport et le centre de la ville. N'importe quel est le b\u00fbt de v\u00f4tre voyage \u00e0 Lisbonne, vous aurez un s\u00e9jour inoubliable!","og_url":"https:\/\/www.hotel-aslisboa.pt\/fr\/","og_site_name":"Hotel A.S. Lisboa","article_modified_time":"2021-11-16T10:46:25+00:00","og_image":[{"width":1200,"height":800,"url":"https:\/\/www.hotel-aslisboa.pt\/wp-content\/uploads\/sites\/349\/2021\/09\/IMG_0476-HDR.jpg","type":"image\/jpeg"}],"twitter_card":"summary_large_image","twitter_misc":{"Dur\u00e9e de lecture estim\u00e9e":"1 minute"},"schema":{"@context":"https:\/\/schema.org","@graph":[{"@type":"WebPage","@id":"https:\/\/www.hotel-aslisboa.pt\/fr\/","url":"https:\/\/www.hotel-aslisboa.pt\/fr\/","name":"Hotel A.S.Lisboa - H\u00f4tels dans le centre de Lisbonne","isPartOf":{"@id":"https:\/\/www.hotel-aslisboa.pt\/fr\/#website"},"datePublished":"2021-09-27T13:24:38+00:00","dateModified":"2021-11-16T10:46:25+00:00","description":"L'Hotel A.S.Lisboa est situ\u00e9 parmi l' a\u00e9roport et le centre de la ville. N'importe quel est le b\u00fbt de v\u00f4tre voyage \u00e0 Lisbonne, vous aurez un s\u00e9jour inoubliable!","breadcrumb":{"@id":"https:\/\/www.hotel-aslisboa.pt\/fr\/#breadcrumb"},"inLanguage":"fr-FR","potentialAction":[{"@type":"ReadAction","target":["https:\/\/www.hotel-aslisboa.pt\/fr\/"]}]},{"@type":"BreadcrumbList","@id":"https:\/\/www.hotel-aslisboa.pt\/fr\/#breadcrumb","itemListElement":[{"@type":"ListItem","position":1,"name":"Home","item":"https:\/\/www.hotel-aslisboa.pt\/fr\/"},{"@type":"ListItem","position":2,"name":"H\u00f4tel A.S.Lisboa"}]},{"@type":"WebSite","@id":"https:\/\/www.hotel-aslisboa.pt\/fr\/#website","url":"https:\/\/www.hotel-aslisboa.pt\/fr\/","name":"Hotel A.S. Lisboa","description":"Just another ms.decms.eu site","potentialAction":[{"@type":"SearchAction","target":{"@type":"EntryPoint","urlTemplate":"https:\/\/www.hotel-aslisboa.pt\/fr\/?s={search_term_string}"},"query-input":{"@type":"PropertyValueSpecification","valueRequired":true,"valueName":"search_term_string"}}],"inLanguage":"fr-FR"}]}},"acf":[],"_links":{"self":[{"href":"https:\/\/www.hotel-aslisboa.pt\/fr\/wp-json\/wp\/v2\/pages\/409","targetHints":{"allow":["GET"]}}],"collection":[{"href":"https:\/\/www.hotel-aslisboa.pt\/fr\/wp-json\/wp\/v2\/pages"}],"about":[{"href":"https:\/\/www.hotel-aslisboa.pt\/fr\/wp-json\/wp\/v2\/types\/page"}],"author":[{"embeddable":true,"href":"https:\/\/www.hotel-aslisboa.pt\/fr\/wp-json\/wp\/v2\/users\/36"}],"replies":[{"embeddable":true,"href":"https:\/\/www.hotel-aslisboa.pt\/fr\/wp-json\/wp\/v2\/comments?post=409"}],"version-history":[{"count":0,"href":"https:\/\/www.hotel-aslisboa.pt\/fr\/wp-json\/wp\/v2\/pages\/409\/revisions"}],"wp:attachment":[{"href":"https:\/\/www.hotel-aslisboa.pt\/fr\/wp-json\/wp\/v2\/media?parent=409"}],"curies":[{"name":"wp","href":"https:\/\/api.w.org\/{rel}","templated":true}]}}